{"id":958,"date":"2021-12-07T14:01:20","date_gmt":"2021-12-07T14:01:20","guid":{"rendered":"https:\/\/57gradernord.se\/?page_id=958"},"modified":"2023-07-11T09:53:42","modified_gmt":"2023-07-11T09:53:42","slug":"jubileum-goteborg","status":"publish","type":"page","link":"https:\/\/57gradernord.se\/en\/jubileum-goteborg\/","title":{"rendered":"Jubilee Gothenburg"},"content":{"rendered":"<div data-elementor-type=\"wp-page\" data-elementor-id=\"958\" class=\"elementor elementor-958\">\n\t\t\t\t\t\t<header class=\"elementor-section elementor-top-section elementor-element elementor-element-4bb59149 elementor-section-stretched elementor-section-full_width elementor-section-height-min-height animated-fast elementor-section-height-default elementor-section-items-middle elementor-invisible\" data-id=\"4bb59149\" data-element_type=\"section\" data-settings=\"{&quot;stretch_section&quot;:&quot;section-stretched&quot;,&quot;background_background&quot;:&quot;classic&quot;,&quot;animation&quot;:&quot;fadeIn&quot;,&quot;animation_tablet&quot;:&quot;fadeIn&quot;,&quot;animation_mobile&quot;:&quot;fadeIn&quot;}\">\n\t\t\t\t\t\t\t<div class=\"elementor-background-overlay\"><\/div>\n\t\t\t\t\t\t\t<div class=\"elementor-container elementor-column-gap-default\">\n\t\t\t\t\t<div class=\"elementor-column elementor-col-100 elementor-top-column elementor-element elementor-element-5afb7578 elementor-invisible\" data-id=\"5afb7578\" data-element_type=\"column\" data-settings=\"{&quot;animation&quot;:&quot;fadeInUp&quot;,&quot;animation_delay&quot;:1000,&quot;animation_mobile&quot;:&quot;slideInUp&quot;}\">\n\t\t\t<div class=\"elementor-widget-wrap elementor-element-populated\">\n\t\t\t\t\t\t<div class=\"elementor-element elementor-element-6f033167 elementor-widget elementor-widget-heading\" data-id=\"6f033167\" data-element_type=\"widget\" data-widget_type=\"heading.default\">\n\t\t\t\t<div class=\"elementor-widget-container\">\n\t\t\t<style>\/*! elementor - v3.21.0 - 08-05-2024 *\/\n.elementor-heading-title{padding:0;margin:0;line-height:1}.elementor-widget-heading .elementor-heading-title[class*=elementor-size-]>a{color:inherit;font-size:inherit;line-height:inherit}.elementor-widget-heading .elementor-heading-title.elementor-size-small{font-size:15px}.elementor-widget-heading .elementor-heading-title.elementor-size-medium{font-size:19px}.elementor-widget-heading .elementor-heading-title.elementor-size-large{font-size:29px}.elementor-widget-heading .elementor-heading-title.elementor-size-xl{font-size:39px}.elementor-widget-heading .elementor-heading-title.elementor-size-xxl{font-size:59px}<\/style><h1 class=\"elementor-heading-title elementor-size-default\">Jubilee Gothenburg<\/h1>\t\t<\/div>\n\t\t\t\t<\/div>\n\t\t\t\t<div class=\"elementor-element elementor-element-7204d5c5 elementor-widget elementor-widget-heading\" data-id=\"7204d5c5\" data-element_type=\"widget\" data-widget_type=\"heading.default\">\n\t\t\t\t<div class=\"elementor-widget-container\">\n\t\t\t<h2 class=\"elementor-heading-title elementor-size-default\">There is always something to celebrate<\/h2>\t\t<\/div>\n\t\t\t\t<\/div>\n\t\t\t\t\t<\/div>\n\t\t<\/div>\n\t\t\t\t\t<\/div>\n\t\t<\/header>\n\t\t\t\t<section class=\"elementor-section elementor-top-section elementor-element elementor-element-6885a4e3 elementor-section-stretched elementor-section-height-min-height animated-slow elementor-section-boxed elementor-section-height-default elementor-section-items-middle elementor-invisible\" data-id=\"6885a4e3\" data-element_type=\"section\" data-settings=\"{&quot;stretch_section&quot;:&quot;section-stretched&quot;,&quot;animation&quot;:&quot;fadeInUp&quot;,&quot;animation_delay&quot;:700,&quot;background_background&quot;:&quot;classic&quot;}\">\n\t\t\t\t\t\t<div class=\"elementor-container elementor-column-gap-wider\">\n\t\t\t\t\t<div class=\"elementor-column elementor-col-100 elementor-top-column elementor-element elementor-element-5fb62994 elementor-invisible\" data-id=\"5fb62994\" data-element_type=\"column\" data-settings=\"{&quot;animation&quot;:&quot;fadeIn&quot;,&quot;animation_delay&quot;:0}\">\n\t\t\t<div class=\"elementor-widget-wrap elementor-element-populated\">\n\t\t\t\t\t\t<div class=\"elementor-element elementor-element-252bebe3 elementor-widget elementor-widget-heading\" data-id=\"252bebe3\" data-element_type=\"widget\" data-widget_type=\"heading.default\">\n\t\t\t\t<div class=\"elementor-widget-container\">\n\t\t\t<h2 class=\"elementor-heading-title elementor-size-default\">Jubilee in the Gothenburg archipelago<\/h2>\t\t<\/div>\n\t\t\t\t<\/div>\n\t\t\t\t<div class=\"elementor-element elementor-element-30dbd79c elementor-widget elementor-widget-heading\" data-id=\"30dbd79c\" data-element_type=\"widget\" data-widget_type=\"heading.default\">\n\t\t\t\t<div class=\"elementor-widget-container\">\n\t\t\t<p class=\"elementor-heading-title elementor-size-default\">There is always something to celebrate and we are happy to help you organize something really good. Gourmet dinner, champagne tour, seafood on the rocks or your own picnic. Design your own boat charter. We guarantee a beautiful environment that represents the west coast and the Gothenburg archipelago.<\/p>\t\t<\/div>\n\t\t\t\t<\/div>\n\t\t\t\t<div class=\"elementor-element elementor-element-5f2ba4da elementor-widget elementor-widget-heading\" data-id=\"5f2ba4da\" data-element_type=\"widget\" data-widget_type=\"heading.default\">\n\t\t\t\t<div class=\"elementor-widget-container\">\n\t\t\t<h2 class=\"elementor-heading-title elementor-size-default\">Golden wedding, retirement or birthday?<\/h2>\t\t<\/div>\n\t\t\t\t<\/div>\n\t\t\t\t<div class=\"elementor-element elementor-element-62ec201 elementor-widget elementor-widget-heading\" data-id=\"62ec201\" data-element_type=\"widget\" data-widget_type=\"heading.default\">\n\t\t\t\t<div class=\"elementor-widget-container\">\n\t\t\t<p class=\"elementor-heading-title elementor-size-default\">Celebrating 30, 40 or 50 years? Golden wedding?Retirement? The arrival of spring, high summer or just because it's good to be alive. \n\n<\/p>\t\t<\/div>\n\t\t\t\t<\/div>\n\t\t\t\t\t<\/div>\n\t\t<\/div>\n\t\t\t\t\t<\/div>\n\t\t<\/section>\n\t\t\t\t<section class=\"elementor-section elementor-top-section elementor-element elementor-element-f0acc4b elementor-section-height-min-height animated-slow elementor-section-boxed elementor-section-height-default elementor-section-items-middle elementor-invisible\" data-id=\"f0acc4b\" data-element_type=\"section\" data-settings=\"{&quot;background_background&quot;:&quot;classic&quot;,&quot;animation&quot;:&quot;fadeIn&quot;,&quot;animation_delay&quot;:1000}\">\n\t\t\t\t\t\t<div class=\"elementor-container elementor-column-gap-default\">\n\t\t\t\t\t<div data-wts-url=\"\/kontakt\/\" data-wts-link=\"yes\" data-wts-new-window=\"\" class=\"elementor-column elementor-col-100 elementor-top-column elementor-element elementor-element-3e40dfb ae-link-yes\" data-id=\"3e40dfb\" data-element_type=\"column\" data-settings=\"{&quot;background_background&quot;:&quot;classic&quot;}\">\n\t\t\t<div class=\"elementor-widget-wrap elementor-element-populated\">\n\t\t\t\t\t\t<div class=\"elementor-element elementor-element-780de0f8 elementor-widget elementor-widget-heading\" data-id=\"780de0f8\" data-element_type=\"widget\" data-widget_type=\"heading.default\">\n\t\t\t\t<div class=\"elementor-widget-container\">\n\t\t\t<h2 class=\"elementor-heading-title elementor-size-default\">booking request<\/h2>\t\t<\/div>\n\t\t\t\t<\/div>\n\t\t\t\t\t<\/div>\n\t\t<\/div>\n\t\t\t\t\t<\/div>\n\t\t<\/section>\n\t\t\t\t<section class=\"elementor-section elementor-top-section elementor-element elementor-element-16d7991f elementor-section-full_width elementor-section-height-default elementor-section-height-default\" data-id=\"16d7991f\" data-element_type=\"section\">\n\t\t\t\t\t\t<div class=\"elementor-container elementor-column-gap-default\">\n\t\t\t\t\t<div class=\"elementor-column elementor-col-100 elementor-top-column elementor-element elementor-element-3886f9ae\" data-id=\"3886f9ae\" data-element_type=\"column\">\n\t\t\t<div class=\"elementor-widget-wrap elementor-element-populated\">\n\t\t\t\t\t\t<div class=\"elementor-element elementor-element-766f342 elementor-arrows-position-inside elementor-pagination-position-outside elementor-widget elementor-widget-image-carousel\" data-id=\"766f342\" data-element_type=\"widget\" data-settings=\"{&quot;slides_to_show&quot;:&quot;3&quot;,&quot;slides_to_show_tablet&quot;:&quot;3&quot;,&quot;slides_to_show_mobile&quot;:&quot;2&quot;,&quot;slides_to_scroll&quot;:&quot;1&quot;,&quot;pause_on_hover&quot;:&quot;no&quot;,&quot;autoplay_speed&quot;:3000,&quot;speed&quot;:1000,&quot;navigation&quot;:&quot;both&quot;,&quot;autoplay&quot;:&quot;yes&quot;,&quot;pause_on_interaction&quot;:&quot;yes&quot;,&quot;infinite&quot;:&quot;yes&quot;}\" data-widget_type=\"image-carousel.default\">\n\t\t\t\t<div class=\"elementor-widget-container\">\n\t\t\t<style>\/*! elementor - v3.21.0 - 08-05-2024 *\/\n.elementor-widget-image-carousel .swiper,.elementor-widget-image-carousel .swiper-container{position:static}.elementor-widget-image-carousel .swiper-container .swiper-slide figure,.elementor-widget-image-carousel .swiper .swiper-slide figure{line-height:inherit}.elementor-widget-image-carousel .swiper-slide{text-align:center}.elementor-image-carousel-wrapper:not(.swiper-container-initialized):not(.swiper-initialized) .swiper-slide{max-width:calc(100% \/ var(--e-image-carousel-slides-to-show, 3))}<\/style>\t\t<div class=\"elementor-image-carousel-wrapper swiper\" dir=\"ltr\">\n\t\t\t<div class=\"elementor-image-carousel swiper-wrapper swiper-image-stretch\" aria-live=\"off\">\n\t\t\t\t\t\t\t\t<div class=\"swiper-slide\" role=\"group\" aria-roledescription=\"slide\" aria-label=\"1 of 4\"><a data-elementor-open-lightbox=\"yes\" data-elementor-lightbox-slideshow=\"766f342\" data-elementor-lightbox-title=\"jubileum1.jpg\" data-e-action-hash=\"#elementor-action%3Aaction%3Dlightbox%26settings%3DeyJpZCI6IjU2IiwidXJsIjoiaHR0cHM6XC9cLzU3Z3JhZGVybm9yZC5zZVwvd3AtY29udGVudFwvdXBsb2Fkc1wvMjAyMVwvMTFcL2p1YmlsZXVtMS5qcGciLCJzbGlkZXNob3ciOiI3NjZmMzQyIn0%3D\" href=\"https:\/\/57gradernord.se\/wp-content\/uploads\/2021\/11\/jubileum1.jpg\"><figure class=\"swiper-slide-inner\"><img decoding=\"async\" class=\"swiper-slide-image\" src=\"https:\/\/57gradernord.se\/wp-content\/uploads\/elementor\/thumbs\/jubileum1-pghjdzowah613gzlo4x71p97nl6is4ttxfxp6d6d80.jpg\" alt=\"\" \/><\/figure><\/a><\/div><div class=\"swiper-slide\" role=\"group\" aria-roledescription=\"slide\" aria-label=\"2 of 4\"><a data-elementor-open-lightbox=\"yes\" data-elementor-lightbox-slideshow=\"766f342\" data-elementor-lightbox-title=\"jubileum2.jpeg\" data-e-action-hash=\"#elementor-action%3Aaction%3Dlightbox%26settings%3DeyJpZCI6OTA3LCJ1cmwiOiJodHRwczpcL1wvNTdncmFkZXJub3JkLnNlXC93cC1jb250ZW50XC91cGxvYWRzXC8yMDIxXC8xMlwvanViaWxldW0yLmpwZWciLCJzbGlkZXNob3ciOiI3NjZmMzQyIn0%3D\" href=\"https:\/\/57gradernord.se\/wp-content\/uploads\/2021\/12\/jubileum2.jpeg\"><figure class=\"swiper-slide-inner\"><img decoding=\"async\" class=\"swiper-slide-image\" src=\"https:\/\/57gradernord.se\/wp-content\/uploads\/elementor\/thumbs\/jubileum2-ph60pxvrqsc73wddq7tygri2u05lb5l8g7or3vtv1s.jpeg\" alt=\"\" \/><\/figure><\/a><\/div><div class=\"swiper-slide\" role=\"group\" aria-roledescription=\"slide\" aria-label=\"3 of 4\"><a data-elementor-open-lightbox=\"yes\" data-elementor-lightbox-slideshow=\"766f342\" data-elementor-lightbox-title=\"jubileum3.jpeg\" data-e-action-hash=\"#elementor-action%3Aaction%3Dlightbox%26settings%3DeyJpZCI6OTA4LCJ1cmwiOiJodHRwczpcL1wvNTdncmFkZXJub3JkLnNlXC93cC1jb250ZW50XC91cGxvYWRzXC8yMDIxXC8xMlwvanViaWxldW0zLmpwZWciLCJzbGlkZXNob3ciOiI3NjZmMzQyIn0%3D\" href=\"https:\/\/57gradernord.se\/wp-content\/uploads\/2021\/12\/jubileum3.jpeg\"><figure class=\"swiper-slide-inner\"><img decoding=\"async\" class=\"swiper-slide-image\" src=\"https:\/\/57gradernord.se\/wp-content\/uploads\/elementor\/thumbs\/jubileum3-ph60pytlxmdhfic0kq8l199jfe0yiuoyscc8l5sgvk.jpeg\" alt=\"\" \/><\/figure><\/a><\/div><div class=\"swiper-slide\" role=\"group\" aria-roledescription=\"slide\" aria-label=\"4 of 4\"><a data-elementor-open-lightbox=\"yes\" data-elementor-lightbox-slideshow=\"766f342\" data-elementor-lightbox-title=\"jubileum4.jpeg\" data-e-action-hash=\"#elementor-action%3Aaction%3Dlightbox%26settings%3DeyJpZCI6OTA5LCJ1cmwiOiJodHRwczpcL1wvNTdncmFkZXJub3JkLnNlXC93cC1jb250ZW50XC91cGxvYWRzXC8yMDIxXC8xMlwvanViaWxldW00LmpwZWciLCJzbGlkZXNob3ciOiI3NjZmMzQyIn0%3D\" href=\"https:\/\/57gradernord.se\/wp-content\/uploads\/2021\/12\/jubileum4.jpeg\"><figure class=\"swiper-slide-inner\"><img decoding=\"async\" class=\"swiper-slide-image\" src=\"https:\/\/57gradernord.se\/wp-content\/uploads\/elementor\/thumbs\/jubileum4-ph60pytlxmdhfic0kq8l199jfe0yiuoyscc8l5sgvk.jpeg\" alt=\"\" \/><\/figure><\/a><\/div>\t\t\t<\/div>\n\t\t\t\t\t\t\t\t\t\t\t\t<div class=\"elementor-swiper-button elementor-swiper-button-prev\" role=\"button\" tabindex=\"0\">\n\t\t\t\t\t\t<i aria-hidden=\"true\" class=\"eicon-chevron-left\"><\/i>\t\t\t\t\t<\/div>\n\t\t\t\t\t<div class=\"elementor-swiper-button elementor-swiper-button-next\" role=\"button\" tabindex=\"0\">\n\t\t\t\t\t\t<i aria-hidden=\"true\" class=\"eicon-chevron-right\"><\/i>\t\t\t\t\t<\/div>\n\t\t\t\t\n\t\t\t\t\t\t\t\t\t<div class=\"swiper-pagination\"><\/div>\n\t\t\t\t\t\t\t\t\t<\/div>\n\t\t\t\t<\/div>\n\t\t\t\t<\/div>\n\t\t\t\t\t<\/div>\n\t\t<\/div>\n\t\t\t\t\t<\/div>\n\t\t<\/section>\n\t\t\t\t<\/div>","protected":false},"excerpt":{"rendered":"<p>Jubileum G\u00f6teborg Det finns alltid n\u00e5got att fira Jubileum i G\u00f6teborgs sk\u00e4rg\u00e5rd Det finns alltid n\u00e5got att fira och vi hj\u00e4lper dig g\u00e4rna att ordna n\u00e5gonting riktigt bra. Gourmetmiddag, champagnetur, skaldjur on the rocks eller egen picknick. Forma din egen b\u00e5tcharter. Vi garanterar en vacker milj\u00f6 som representerar v\u00e4stkusten och G\u00f6teborgs sk\u00e4rg\u00e5rd. Guldbr\u00f6llop, pension eller [&hellip;]<\/p>","protected":false},"author":1,"featured_media":0,"parent":0,"menu_order":0,"comment_status":"closed","ping_status":"closed","template":"","meta":{"footnotes":""},"class_list":["post-958","page","type-page","status-publish","hentry"],"yoast_head":"<!-- This site is optimized with the Yoast SEO plugin v22.7 - https:\/\/yoast.com\/wordpress\/plugins\/seo\/ -->\n<title>Jubileum G\u00f6teborg<\/title>\n<meta name=\"description\" content=\"Gourmetmiddag, champagnetur, skaldjur on the rocks eller picknick. Vi hj\u00e4lper dig g\u00e4rna att fira en riktigt bra b\u00e5tcharter.\" \/>\n<meta name=\"robots\" content=\"index, follow, max-snippet:-1, max-image-preview:large, max-video-preview:-1\" \/>\n<link rel=\"canonical\" href=\"https:\/\/57gradernord.se\/en\/jubileum-goteborg\/\" \/>\n<meta property=\"og:locale\" content=\"en_GB\" \/>\n<meta property=\"og:type\" content=\"article\" \/>\n<meta property=\"og:title\" content=\"Jubileum G\u00f6teborg\" \/>\n<meta property=\"og:description\" content=\"Gourmetmiddag, champagnetur, skaldjur on the rocks eller picknick. Vi hj\u00e4lper dig g\u00e4rna att fira en riktigt bra b\u00e5tcharter.\" \/>\n<meta property=\"og:url\" content=\"https:\/\/57gradernord.se\/en\/jubileum-goteborg\/\" \/>\n<meta property=\"og:site_name\" content=\"57grader nord\" \/>\n<meta property=\"article:publisher\" content=\"https:\/\/www.facebook.com\/57gradernord\" \/>\n<meta property=\"article:modified_time\" content=\"2023-07-11T09:53:42+00:00\" \/>\n<meta property=\"og:image\" content=\"https:\/\/57gradernord.se\/wp-content\/uploads\/elementor\/thumbs\/jubileum1-pghjdzowah613gzlo4x71p97nl6is4ttxfxp6d6d80.jpg\" \/>\n<meta name=\"twitter:card\" content=\"summary_large_image\" \/>\n<meta name=\"twitter:label1\" content=\"Estimated reading time\" \/>\n\t<meta name=\"twitter:data1\" content=\"3 minutes\" \/>\n<script type=\"application\/ld+json\" class=\"yoast-schema-graph\">{\"@context\":\"https:\/\/schema.org\",\"@graph\":[{\"@type\":\"WebPage\",\"@id\":\"https:\/\/57gradernord.se\/jubileum-goteborg\/\",\"url\":\"https:\/\/57gradernord.se\/jubileum-goteborg\/\",\"name\":\"Jubileum G\u00f6teborg\",\"isPartOf\":{\"@id\":\"https:\/\/57gradernord.se\/#website\"},\"primaryImageOfPage\":{\"@id\":\"https:\/\/57gradernord.se\/jubileum-goteborg\/#primaryimage\"},\"image\":{\"@id\":\"https:\/\/57gradernord.se\/jubileum-goteborg\/#primaryimage\"},\"thumbnailUrl\":\"https:\/\/57gradernord.se\/wp-content\/uploads\/elementor\/thumbs\/jubileum1-pghjdzowah613gzlo4x71p97nl6is4ttxfxp6d6d80.jpg\",\"datePublished\":\"2021-12-07T14:01:20+00:00\",\"dateModified\":\"2023-07-11T09:53:42+00:00\",\"description\":\"Gourmetmiddag, champagnetur, skaldjur on the rocks eller picknick. Vi hj\u00e4lper dig g\u00e4rna att fira en riktigt bra b\u00e5tcharter.\",\"breadcrumb\":{\"@id\":\"https:\/\/57gradernord.se\/jubileum-goteborg\/#breadcrumb\"},\"inLanguage\":\"en-GB\",\"potentialAction\":[{\"@type\":\"ReadAction\",\"target\":[\"https:\/\/57gradernord.se\/jubileum-goteborg\/\"]}]},{\"@type\":\"ImageObject\",\"inLanguage\":\"en-GB\",\"@id\":\"https:\/\/57gradernord.se\/jubileum-goteborg\/#primaryimage\",\"url\":\"https:\/\/57gradernord.se\/wp-content\/uploads\/elementor\/thumbs\/jubileum1-pghjdzowah613gzlo4x71p97nl6is4ttxfxp6d6d80.jpg\",\"contentUrl\":\"https:\/\/57gradernord.se\/wp-content\/uploads\/elementor\/thumbs\/jubileum1-pghjdzowah613gzlo4x71p97nl6is4ttxfxp6d6d80.jpg\"},{\"@type\":\"BreadcrumbList\",\"@id\":\"https:\/\/57gradernord.se\/jubileum-goteborg\/#breadcrumb\",\"itemListElement\":[{\"@type\":\"ListItem\",\"position\":1,\"name\":\"Home\",\"item\":\"https:\/\/57gradernord.se\/\"},{\"@type\":\"ListItem\",\"position\":2,\"name\":\"Jubileum G\u00f6teborg\"}]},{\"@type\":\"WebSite\",\"@id\":\"https:\/\/57gradernord.se\/#website\",\"url\":\"https:\/\/57gradernord.se\/\",\"name\":\"57grader nord\",\"description\":\"EXKLUSIVA UPPLEVELSER I G\u00d6TEBORGS SK\u00c4RG\u00c5RD\",\"publisher\":{\"@id\":\"https:\/\/57gradernord.se\/#organization\"},\"potentialAction\":[{\"@type\":\"SearchAction\",\"target\":{\"@type\":\"EntryPoint\",\"urlTemplate\":\"https:\/\/57gradernord.se\/?s={search_term_string}\"},\"query-input\":\"required name=search_term_string\"}],\"inLanguage\":\"en-GB\"},{\"@type\":\"Organization\",\"@id\":\"https:\/\/57gradernord.se\/#organization\",\"name\":\"57 Nord AB\",\"url\":\"https:\/\/57gradernord.se\/\",\"logo\":{\"@type\":\"ImageObject\",\"inLanguage\":\"en-GB\",\"@id\":\"https:\/\/57gradernord.se\/#\/schema\/logo\/image\/\",\"url\":\"https:\/\/57gradernord.se\/wp-content\/uploads\/2021\/12\/cropped-fav1.png\",\"contentUrl\":\"https:\/\/57gradernord.se\/wp-content\/uploads\/2021\/12\/cropped-fav1.png\",\"width\":512,\"height\":512,\"caption\":\"57 Nord AB\"},\"image\":{\"@id\":\"https:\/\/57gradernord.se\/#\/schema\/logo\/image\/\"},\"sameAs\":[\"https:\/\/www.facebook.com\/57gradernord\"]}]}<\/script>\n<!-- \/ Yoast SEO plugin. -->","yoast_head_json":{"title":"Jubileum G\u00f6teborg","description":"Gourmetmiddag, champagnetur, skaldjur on the rocks eller picknick. Vi hj\u00e4lper dig g\u00e4rna att fira en riktigt bra b\u00e5tcharter.","robots":{"index":"index","follow":"follow","max-snippet":"max-snippet:-1","max-image-preview":"max-image-preview:large","max-video-preview":"max-video-preview:-1"},"canonical":"https:\/\/57gradernord.se\/en\/jubileum-goteborg\/","og_locale":"en_GB","og_type":"article","og_title":"Jubileum G\u00f6teborg","og_description":"Gourmetmiddag, champagnetur, skaldjur on the rocks eller picknick. Vi hj\u00e4lper dig g\u00e4rna att fira en riktigt bra b\u00e5tcharter.","og_url":"https:\/\/57gradernord.se\/en\/jubileum-goteborg\/","og_site_name":"57grader nord","article_publisher":"https:\/\/www.facebook.com\/57gradernord","article_modified_time":"2023-07-11T09:53:42+00:00","og_image":[{"url":"https:\/\/57gradernord.se\/wp-content\/uploads\/elementor\/thumbs\/jubileum1-pghjdzowah613gzlo4x71p97nl6is4ttxfxp6d6d80.jpg"}],"twitter_card":"summary_large_image","twitter_misc":{"Estimated reading time":"3 minutes"},"schema":{"@context":"https:\/\/schema.org","@graph":[{"@type":"WebPage","@id":"https:\/\/57gradernord.se\/jubileum-goteborg\/","url":"https:\/\/57gradernord.se\/jubileum-goteborg\/","name":"Jubileum G\u00f6teborg","isPartOf":{"@id":"https:\/\/57gradernord.se\/#website"},"primaryImageOfPage":{"@id":"https:\/\/57gradernord.se\/jubileum-goteborg\/#primaryimage"},"image":{"@id":"https:\/\/57gradernord.se\/jubileum-goteborg\/#primaryimage"},"thumbnailUrl":"https:\/\/57gradernord.se\/wp-content\/uploads\/elementor\/thumbs\/jubileum1-pghjdzowah613gzlo4x71p97nl6is4ttxfxp6d6d80.jpg","datePublished":"2021-12-07T14:01:20+00:00","dateModified":"2023-07-11T09:53:42+00:00","description":"Gourmetmiddag, champagnetur, skaldjur on the rocks eller picknick. Vi hj\u00e4lper dig g\u00e4rna att fira en riktigt bra b\u00e5tcharter.","breadcrumb":{"@id":"https:\/\/57gradernord.se\/jubileum-goteborg\/#breadcrumb"},"inLanguage":"en-GB","potentialAction":[{"@type":"ReadAction","target":["https:\/\/57gradernord.se\/jubileum-goteborg\/"]}]},{"@type":"ImageObject","inLanguage":"en-GB","@id":"https:\/\/57gradernord.se\/jubileum-goteborg\/#primaryimage","url":"https:\/\/57gradernord.se\/wp-content\/uploads\/elementor\/thumbs\/jubileum1-pghjdzowah613gzlo4x71p97nl6is4ttxfxp6d6d80.jpg","contentUrl":"https:\/\/57gradernord.se\/wp-content\/uploads\/elementor\/thumbs\/jubileum1-pghjdzowah613gzlo4x71p97nl6is4ttxfxp6d6d80.jpg"},{"@type":"BreadcrumbList","@id":"https:\/\/57gradernord.se\/jubileum-goteborg\/#breadcrumb","itemListElement":[{"@type":"ListItem","position":1,"name":"Home","item":"https:\/\/57gradernord.se\/"},{"@type":"ListItem","position":2,"name":"Jubileum G\u00f6teborg"}]},{"@type":"WebSite","@id":"https:\/\/57gradernord.se\/#website","url":"https:\/\/57gradernord.se\/","name":"57grader nord","description":"EXKLUSIVA UPPLEVELSER I G\u00d6TEBORGS SK\u00c4RG\u00c5RD","publisher":{"@id":"https:\/\/57gradernord.se\/#organization"},"potentialAction":[{"@type":"SearchAction","target":{"@type":"EntryPoint","urlTemplate":"https:\/\/57gradernord.se\/?s={search_term_string}"},"query-input":"required name=search_term_string"}],"inLanguage":"en-GB"},{"@type":"Organization","@id":"https:\/\/57gradernord.se\/#organization","name":"57 Nord AB","url":"https:\/\/57gradernord.se\/","logo":{"@type":"ImageObject","inLanguage":"en-GB","@id":"https:\/\/57gradernord.se\/#\/schema\/logo\/image\/","url":"https:\/\/57gradernord.se\/wp-content\/uploads\/2021\/12\/cropped-fav1.png","contentUrl":"https:\/\/57gradernord.se\/wp-content\/uploads\/2021\/12\/cropped-fav1.png","width":512,"height":512,"caption":"57 Nord AB"},"image":{"@id":"https:\/\/57gradernord.se\/#\/schema\/logo\/image\/"},"sameAs":["https:\/\/www.facebook.com\/57gradernord"]}]}},"_links":{"self":[{"href":"https:\/\/57gradernord.se\/en\/wp-json\/wp\/v2\/pages\/958","targetHints":{"allow":["GET"]}}],"collection":[{"href":"https:\/\/57gradernord.se\/en\/wp-json\/wp\/v2\/pages"}],"about":[{"href":"https:\/\/57gradernord.se\/en\/wp-json\/wp\/v2\/types\/page"}],"author":[{"embeddable":true,"href":"https:\/\/57gradernord.se\/en\/wp-json\/wp\/v2\/users\/1"}],"replies":[{"embeddable":true,"href":"https:\/\/57gradernord.se\/en\/wp-json\/wp\/v2\/comments?post=958"}],"version-history":[{"count":22,"href":"https:\/\/57gradernord.se\/en\/wp-json\/wp\/v2\/pages\/958\/revisions"}],"predecessor-version":[{"id":2043,"href":"https:\/\/57gradernord.se\/en\/wp-json\/wp\/v2\/pages\/958\/revisions\/2043"}],"wp:attachment":[{"href":"https:\/\/57gradernord.se\/en\/wp-json\/wp\/v2\/media?parent=958"}],"curies":[{"name":"wp","href":"https:\/\/api.w.org\/{rel}","templated":true}]}}