{"id":693,"date":"2021-12-07T09:46:58","date_gmt":"2021-12-07T09:46:58","guid":{"rendered":"https:\/\/57gradernord.se\/?page_id=693"},"modified":"2023-08-11T12:27:32","modified_gmt":"2023-08-11T12:27:32","slug":"pubrunda-i-goteborgs-skargard","status":"publish","type":"page","link":"https:\/\/57gradernord.se\/en\/pubrunda-i-goteborgs-skargard\/","title":{"rendered":"PUB CRAWLING IN THE ARCHIPELAGO"},"content":{"rendered":"<div data-elementor-type=\"wp-page\" data-elementor-id=\"693\" class=\"elementor elementor-693\">\n\t\t\t\t\t\t<section class=\"elementor-section elementor-top-section elementor-element elementor-element-507b628a elementor-section-full_width elementor-section-height-min-height animated-fast elementor-section-height-default elementor-section-items-middle elementor-invisible\" data-id=\"507b628a\" data-element_type=\"section\" data-settings=\"{&quot;background_background&quot;:&quot;classic&quot;,&quot;animation&quot;:&quot;fadeIn&quot;,&quot;animation_tablet&quot;:&quot;fadeIn&quot;,&quot;animation_mobile&quot;:&quot;fadeIn&quot;}\">\n\t\t\t\t\t\t\t<div class=\"elementor-background-overlay\"><\/div>\n\t\t\t\t\t\t\t<div class=\"elementor-container elementor-column-gap-default\">\n\t\t\t\t\t<div class=\"elementor-column elementor-col-100 elementor-top-column elementor-element elementor-element-7ce372c7 elementor-invisible\" data-id=\"7ce372c7\" data-element_type=\"column\" data-settings=\"{&quot;animation&quot;:&quot;fadeInUp&quot;,&quot;animation_delay&quot;:1000,&quot;animation_mobile&quot;:&quot;slideInUp&quot;}\">\n\t\t\t<div class=\"elementor-widget-wrap elementor-element-populated\">\n\t\t\t\t\t\t<div class=\"elementor-element elementor-element-7266a69a elementor-widget elementor-widget-heading\" data-id=\"7266a69a\" data-element_type=\"widget\" data-widget_type=\"heading.default\">\n\t\t\t\t<div class=\"elementor-widget-container\">\n\t\t\t<style>\/*! elementor - v3.21.0 - 08-05-2024 *\/\n.elementor-heading-title{padding:0;margin:0;line-height:1}.elementor-widget-heading .elementor-heading-title[class*=elementor-size-]>a{color:inherit;font-size:inherit;line-height:inherit}.elementor-widget-heading .elementor-heading-title.elementor-size-small{font-size:15px}.elementor-widget-heading .elementor-heading-title.elementor-size-medium{font-size:19px}.elementor-widget-heading .elementor-heading-title.elementor-size-large{font-size:29px}.elementor-widget-heading .elementor-heading-title.elementor-size-xl{font-size:39px}.elementor-widget-heading .elementor-heading-title.elementor-size-xxl{font-size:59px}<\/style><h1 class=\"elementor-heading-title elementor-size-default\">PUB CRAWLING IN THE ARCHIPELAGO<\/h1>\t\t<\/div>\n\t\t\t\t<\/div>\n\t\t\t\t<div class=\"elementor-element elementor-element-3f08a407 elementor-widget elementor-widget-heading\" data-id=\"3f08a407\" data-element_type=\"widget\" data-widget_type=\"heading.default\">\n\t\t\t\t<div class=\"elementor-widget-container\">\n\t\t\t<h2 class=\"elementor-heading-title elementor-size-default\">with 3 stops during the day at chosen spots<\/h2>\t\t<\/div>\n\t\t\t\t<\/div>\n\t\t\t\t\t<\/div>\n\t\t<\/div>\n\t\t\t\t\t<\/div>\n\t\t<\/section>\n\t\t\t\t<section class=\"elementor-section elementor-top-section elementor-element elementor-element-6e1556d6 elementor-section-stretched elementor-section-height-min-height animated-slow elementor-section-boxed elementor-section-height-default elementor-section-items-middle elementor-invisible\" data-id=\"6e1556d6\" data-element_type=\"section\" data-settings=\"{&quot;stretch_section&quot;:&quot;section-stretched&quot;,&quot;animation&quot;:&quot;fadeInUp&quot;,&quot;animation_delay&quot;:700,&quot;background_background&quot;:&quot;classic&quot;}\">\n\t\t\t\t\t\t<div class=\"elementor-container elementor-column-gap-default\">\n\t\t\t\t\t<div class=\"elementor-column elementor-col-100 elementor-top-column elementor-element elementor-element-2f45e2c9 elementor-invisible\" data-id=\"2f45e2c9\" data-element_type=\"column\" data-settings=\"{&quot;animation&quot;:&quot;fadeIn&quot;,&quot;animation_delay&quot;:0}\">\n\t\t\t<div class=\"elementor-widget-wrap elementor-element-populated\">\n\t\t\t\t\t\t<div class=\"elementor-element elementor-element-4293af78 elementor-widget elementor-widget-heading\" data-id=\"4293af78\" data-element_type=\"widget\" data-widget_type=\"heading.default\">\n\t\t\t\t<div class=\"elementor-widget-container\">\n\t\t\t<h2 class=\"elementor-heading-title elementor-size-default\">A proper pub crawl through Gothenburg's archipelago. <\/h2>\t\t<\/div>\n\t\t\t\t<\/div>\n\t\t\t\t<div class=\"elementor-element elementor-element-038fd69 elementor-widget elementor-widget-text-editor\" data-id=\"038fd69\" data-element_type=\"widget\" data-widget_type=\"text-editor.default\">\n\t\t\t\t<div class=\"elementor-widget-container\">\n\t\t\t<style>\/*! elementor - v3.21.0 - 08-05-2024 *\/\n.elementor-widget-text-editor.elementor-drop-cap-view-stacked .elementor-drop-cap{background-color:#69727d;color:#fff}.elementor-widget-text-editor.elementor-drop-cap-view-framed .elementor-drop-cap{color:#69727d;border:3px solid;background-color:transparent}.elementor-widget-text-editor:not(.elementor-drop-cap-view-default) .elementor-drop-cap{margin-top:8px}.elementor-widget-text-editor:not(.elementor-drop-cap-view-default) .elementor-drop-cap-letter{width:1em;height:1em}.elementor-widget-text-editor .elementor-drop-cap{float:left;text-align:center;line-height:1;font-size:50px}.elementor-widget-text-editor .elementor-drop-cap-letter{display:inline-block}<\/style>\t\t\t\t<p>A thorough tour with 3 stops during the day at selected places. The first two stops are at pubs in Gothenburg\u2019s archipelago, and the  third stop is at a small natural harbour for a drink on board. Each stop is about 30 minutes.<\/p><p>Price: 9 900 SEK <em>(pub drinks not included)<\/em><\/p><p>Number of people: up to 12 passengers<\/p>\t\t\t\t\t\t<\/div>\n\t\t\t\t<\/div>\n\t\t\t\t\t<\/div>\n\t\t<\/div>\n\t\t\t\t\t<\/div>\n\t\t<\/section>\n\t\t\t\t<section class=\"elementor-section elementor-top-section elementor-element elementor-element-7c92a6e elementor-section-height-min-height animated-slow elementor-section-boxed elementor-section-height-default elementor-section-items-middle elementor-invisible\" data-id=\"7c92a6e\" data-element_type=\"section\" data-settings=\"{&quot;background_background&quot;:&quot;classic&quot;,&quot;animation&quot;:&quot;fadeIn&quot;,&quot;animation_delay&quot;:1000}\">\n\t\t\t\t\t\t<div class=\"elementor-container elementor-column-gap-default\">\n\t\t\t\t\t<div data-wts-url=\"\/kontakt\/\" data-wts-link=\"yes\" data-wts-new-window=\"\" class=\"elementor-column elementor-col-100 elementor-top-column elementor-element elementor-element-32e6438 ae-link-yes\" data-id=\"32e6438\" data-element_type=\"column\" data-settings=\"{&quot;background_background&quot;:&quot;classic&quot;}\">\n\t\t\t<div class=\"elementor-widget-wrap elementor-element-populated\">\n\t\t\t\t\t\t<div class=\"elementor-element elementor-element-1e1173b elementor-widget elementor-widget-heading\" data-id=\"1e1173b\" data-element_type=\"widget\" data-widget_type=\"heading.default\">\n\t\t\t\t<div class=\"elementor-widget-container\">\n\t\t\t<h2 class=\"elementor-heading-title elementor-size-default\"><a href=\"https:\/\/57gradernord.se\/en\/kontakt\/\">Booking Request<\/a><\/h2>\t\t<\/div>\n\t\t\t\t<\/div>\n\t\t\t\t\t<\/div>\n\t\t<\/div>\n\t\t\t\t\t<\/div>\n\t\t<\/section>\n\t\t\t\t<section class=\"elementor-section elementor-top-section elementor-element elementor-element-67d2252b elementor-section-full_width elementor-section-height-default elementor-section-height-default\" data-id=\"67d2252b\" data-element_type=\"section\">\n\t\t\t\t\t\t<div class=\"elementor-container elementor-column-gap-default\">\n\t\t\t\t\t<div class=\"elementor-column elementor-col-100 elementor-top-column elementor-element elementor-element-72689aa9\" data-id=\"72689aa9\" data-element_type=\"column\">\n\t\t\t<div class=\"elementor-widget-wrap elementor-element-populated\">\n\t\t\t\t\t\t<div class=\"elementor-element elementor-element-7a86fc7e elementor-arrows-position-inside elementor-pagination-position-outside elementor-widget elementor-widget-image-carousel\" data-id=\"7a86fc7e\" data-element_type=\"widget\" data-settings=\"{&quot;slides_to_show&quot;:&quot;3&quot;,&quot;slides_to_show_tablet&quot;:&quot;3&quot;,&quot;slides_to_show_mobile&quot;:&quot;2&quot;,&quot;slides_to_scroll&quot;:&quot;1&quot;,&quot;pause_on_hover&quot;:&quot;no&quot;,&quot;autoplay_speed&quot;:3000,&quot;speed&quot;:1000,&quot;navigation&quot;:&quot;both&quot;,&quot;autoplay&quot;:&quot;yes&quot;,&quot;pause_on_interaction&quot;:&quot;yes&quot;,&quot;infinite&quot;:&quot;yes&quot;}\" data-widget_type=\"image-carousel.default\">\n\t\t\t\t<div class=\"elementor-widget-container\">\n\t\t\t<style>\/*! elementor - v3.21.0 - 08-05-2024 *\/\n.elementor-widget-image-carousel .swiper,.elementor-widget-image-carousel .swiper-container{position:static}.elementor-widget-image-carousel .swiper-container .swiper-slide figure,.elementor-widget-image-carousel .swiper .swiper-slide figure{line-height:inherit}.elementor-widget-image-carousel .swiper-slide{text-align:center}.elementor-image-carousel-wrapper:not(.swiper-container-initialized):not(.swiper-initialized) .swiper-slide{max-width:calc(100% \/ var(--e-image-carousel-slides-to-show, 3))}<\/style>\t\t<div class=\"elementor-image-carousel-wrapper swiper\" dir=\"ltr\">\n\t\t\t<div class=\"elementor-image-carousel swiper-wrapper swiper-image-stretch\" aria-live=\"off\">\n\t\t\t\t\t\t\t\t<div class=\"swiper-slide\" role=\"group\" aria-roledescription=\"slide\" aria-label=\"1 of 7\"><a data-elementor-open-lightbox=\"yes\" data-elementor-lightbox-slideshow=\"7a86fc7e\" data-elementor-lightbox-title=\"57nord-mob-header-img.jpg\" data-e-action-hash=\"#elementor-action%3Aaction%3Dlightbox%26settings%3DeyJpZCI6NDcsInVybCI6Imh0dHBzOlwvXC81N2dyYWRlcm5vcmQuc2VcL3dwLWNvbnRlbnRcL3VwbG9hZHNcLzIwMjFcLzExXC81N25vcmQtbW9iLWhlYWRlci1pbWcuanBnIiwic2xpZGVzaG93IjoiN2E4NmZjN2UifQ%3D%3D\" href=\"https:\/\/57gradernord.se\/wp-content\/uploads\/2021\/11\/57nord-mob-header-img.jpg\"><figure class=\"swiper-slide-inner\"><img decoding=\"async\" class=\"swiper-slide-image\" src=\"https:\/\/57gradernord.se\/wp-content\/uploads\/elementor\/thumbs\/57nord-mob-header-img-pghjdngztmpawjhcnhn1nac7xkur02hbjrgdxrohgw.jpg\" alt=\"\" \/><\/figure><\/a><\/div><div class=\"swiper-slide\" role=\"group\" aria-roledescription=\"slide\" aria-label=\"2 of 7\"><a data-elementor-open-lightbox=\"yes\" data-elementor-lightbox-slideshow=\"7a86fc7e\" data-elementor-lightbox-title=\"IMG_6543.jpg\" data-e-action-hash=\"#elementor-action%3Aaction%3Dlightbox%26settings%3DeyJpZCI6NTAsInVybCI6Imh0dHBzOlwvXC81N2dyYWRlcm5vcmQuc2VcL3dwLWNvbnRlbnRcL3VwbG9hZHNcLzIwMjFcLzExXC9JTUdfNjU0My1zY2FsZWQuanBnIiwic2xpZGVzaG93IjoiN2E4NmZjN2UifQ%3D%3D\" href=\"https:\/\/57gradernord.se\/wp-content\/uploads\/2021\/11\/IMG_6543-scaled.jpg\"><figure class=\"swiper-slide-inner\"><img decoding=\"async\" class=\"swiper-slide-image\" src=\"https:\/\/57gradernord.se\/wp-content\/uploads\/elementor\/thumbs\/IMG_6543-scaled-pghjds66rsvqilaiw1o6hr5iwi7l2jzz8eptc5hils.jpg\" alt=\"\" \/><\/figure><\/a><\/div><div class=\"swiper-slide\" role=\"group\" aria-roledescription=\"slide\" aria-label=\"3 of 7\"><a data-elementor-open-lightbox=\"yes\" data-elementor-lightbox-slideshow=\"7a86fc7e\" data-elementor-lightbox-title=\"charter6.jpg\" data-e-action-hash=\"#elementor-action%3Aaction%3Dlightbox%26settings%3DeyJpZCI6MTU0LCJ1cmwiOiJodHRwczpcL1wvNTdncmFkZXJub3JkLnNlXC93cC1jb250ZW50XC91cGxvYWRzXC8yMDIxXC8xMVwvY2hhcnRlcjYuanBnIiwic2xpZGVzaG93IjoiN2E4NmZjN2UifQ%3D%3D\" href=\"https:\/\/57gradernord.se\/wp-content\/uploads\/2021\/11\/charter6.jpg\"><figure class=\"swiper-slide-inner\"><img decoding=\"async\" class=\"swiper-slide-image\" src=\"https:\/\/57gradernord.se\/wp-content\/uploads\/elementor\/thumbs\/charter6-pgln3he10ueusz1a95gn4cmzchxwlzwgokyyvqvn8w.jpg\" alt=\"\" \/><\/figure><\/a><\/div><div class=\"swiper-slide\" role=\"group\" aria-roledescription=\"slide\" aria-label=\"4 of 7\"><a data-elementor-open-lightbox=\"yes\" data-elementor-lightbox-slideshow=\"7a86fc7e\" data-elementor-lightbox-title=\"GT.jpg\" data-e-action-hash=\"#elementor-action%3Aaction%3Dlightbox%26settings%3DeyJpZCI6NTIsInVybCI6Imh0dHBzOlwvXC81N2dyYWRlcm5vcmQuc2VcL3dwLWNvbnRlbnRcL3VwbG9hZHNcLzIwMjFcLzExXC9HVC5qcGciLCJzbGlkZXNob3ciOiI3YTg2ZmM3ZSJ9\" href=\"https:\/\/57gradernord.se\/wp-content\/uploads\/2021\/11\/GT.jpg\"><figure class=\"swiper-slide-inner\"><img decoding=\"async\" class=\"swiper-slide-image\" src=\"https:\/\/57gradernord.se\/wp-content\/uploads\/elementor\/thumbs\/GT-pghjdyr23n4qrv0ytmikh7hr27b5kfq3lba7p37re8.jpg\" alt=\"\" \/><\/figure><\/a><\/div><div class=\"swiper-slide\" role=\"group\" aria-roledescription=\"slide\" aria-label=\"5 of 7\"><a data-elementor-open-lightbox=\"yes\" data-elementor-lightbox-slideshow=\"7a86fc7e\" data-elementor-lightbox-title=\"IMG_4466.jpg\" data-e-action-hash=\"#elementor-action%3Aaction%3Dlightbox%26settings%3DeyJpZCI6MzcsInVybCI6Imh0dHBzOlwvXC81N2dyYWRlcm5vcmQuc2VcL3dwLWNvbnRlbnRcL3VwbG9hZHNcLzIwMjFcLzExXC9JTUdfNDQ2Ni5qcGciLCJzbGlkZXNob3ciOiI3YTg2ZmM3ZSJ9\" href=\"https:\/\/57gradernord.se\/wp-content\/uploads\/2021\/11\/IMG_4466.jpg\"><figure class=\"swiper-slide-inner\"><img decoding=\"async\" class=\"swiper-slide-image\" src=\"https:\/\/57gradernord.se\/wp-content\/uploads\/elementor\/thumbs\/IMG_4466-pghjcqkn6fg9m6t4zlf3q0n353cwinupr8me5319io.jpg\" alt=\"\" \/><\/figure><\/a><\/div><div class=\"swiper-slide\" role=\"group\" aria-roledescription=\"slide\" aria-label=\"6 of 7\"><a data-elementor-open-lightbox=\"yes\" data-elementor-lightbox-slideshow=\"7a86fc7e\" data-elementor-lightbox-title=\"charter5.jpg\" data-e-action-hash=\"#elementor-action%3Aaction%3Dlightbox%26settings%3DeyJpZCI6MTU1LCJ1cmwiOiJodHRwczpcL1wvNTdncmFkZXJub3JkLnNlXC93cC1jb250ZW50XC91cGxvYWRzXC8yMDIxXC8xMVwvY2hhcnRlcjUuanBnIiwic2xpZGVzaG93IjoiN2E4NmZjN2UifQ%3D%3D\" href=\"https:\/\/57gradernord.se\/wp-content\/uploads\/2021\/11\/charter5.jpg\"><figure class=\"swiper-slide-inner\"><img decoding=\"async\" class=\"swiper-slide-image\" src=\"https:\/\/57gradernord.se\/wp-content\/uploads\/elementor\/thumbs\/charter5-pgln3ibv7og54kzx3nv9ouefxvt9tp070pmgd0u92o.jpg\" alt=\"\" \/><\/figure><\/a><\/div><div class=\"swiper-slide\" role=\"group\" aria-roledescription=\"slide\" aria-label=\"7 of 7\"><a data-elementor-open-lightbox=\"yes\" data-elementor-lightbox-slideshow=\"7a86fc7e\" data-elementor-lightbox-title=\"charter3.jpeg\" data-e-action-hash=\"#elementor-action%3Aaction%3Dlightbox%26settings%3DeyJpZCI6MTU3LCJ1cmwiOiJodHRwczpcL1wvNTdncmFkZXJub3JkLnNlXC93cC1jb250ZW50XC91cGxvYWRzXC8yMDIxXC8xMVwvY2hhcnRlcjMuanBlZyIsInNsaWRlc2hvdyI6IjdhODZmYzdlIn0%3D\" href=\"https:\/\/57gradernord.se\/wp-content\/uploads\/2021\/11\/charter3.jpeg\"><figure class=\"swiper-slide-inner\"><img decoding=\"async\" class=\"swiper-slide-image\" src=\"https:\/\/57gradernord.se\/wp-content\/uploads\/elementor\/thumbs\/charter3-pgln3j9peihfg6yjy69w9c5wj9on1e3xcu9xuasuwg.jpeg\" alt=\"\" \/><\/figure><\/a><\/div>\t\t\t<\/div>\n\t\t\t\t\t\t\t\t\t\t\t\t<div class=\"elementor-swiper-button elementor-swiper-button-prev\" role=\"button\" tabindex=\"0\">\n\t\t\t\t\t\t<i aria-hidden=\"true\" class=\"eicon-chevron-left\"><\/i>\t\t\t\t\t<\/div>\n\t\t\t\t\t<div class=\"elementor-swiper-button elementor-swiper-button-next\" role=\"button\" tabindex=\"0\">\n\t\t\t\t\t\t<i aria-hidden=\"true\" class=\"eicon-chevron-right\"><\/i>\t\t\t\t\t<\/div>\n\t\t\t\t\n\t\t\t\t\t\t\t\t\t<div class=\"swiper-pagination\"><\/div>\n\t\t\t\t\t\t\t\t\t<\/div>\n\t\t\t\t<\/div>\n\t\t\t\t<\/div>\n\t\t\t\t\t<\/div>\n\t\t<\/div>\n\t\t\t\t\t<\/div>\n\t\t<\/section>\n\t\t\t\t<\/div>","protected":false},"excerpt":{"rendered":"<p>Pubrunda i G\u00f6teborgs sk\u00e4rg\u00e5rd med 3 stopp p\u00e5 f\u00f6r dagen p\u00e5 l\u00e4mpliga st\u00e4llen En ordentlig pubrunda En ordentlig runda med tre stopp p\u00e5 f\u00f6r dagen l\u00e4mpliga st\u00e4llen.Vi v\u00e4ljer tv\u00e5 olika krogar i G\u00f6teborgs sk\u00e4rg\u00e5rd och tar det tredje stoppet i en naturhamn eller vid n\u00e5gon trevlig brygga f\u00f6r att dricka n\u00e5got gott ombord. Vi stannar [&hellip;]<\/p>","protected":false},"author":1,"featured_media":0,"parent":0,"menu_order":0,"comment_status":"closed","ping_status":"closed","template":"elementor_canvas","meta":{"footnotes":""},"class_list":["post-693","page","type-page","status-publish","hentry"],"yoast_head":"<!-- This site is optimized with the Yoast SEO plugin v22.7 - https:\/\/yoast.com\/wordpress\/plugins\/seo\/ -->\n<title>Pubrunda i Sk\u00e4rg\u00e5rden - 57 Grader Nord<\/title>\n<meta name=\"description\" content=\"Upplev G\u00f6teborgs sk\u00e4rg\u00e5rd med v\u00e5r trevliga pubrunda. Hoppa mellan pittoreska pubar och njut av ett \u00e4ventyr. Boka nu!\" \/>\n<meta name=\"robots\" content=\"index, follow, max-snippet:-1, max-image-preview:large, max-video-preview:-1\" \/>\n<link rel=\"canonical\" href=\"https:\/\/57gradernord.se\/en\/pubrunda-i-goteborgs-skargard\/\" \/>\n<meta property=\"og:locale\" content=\"en_GB\" \/>\n<meta property=\"og:type\" content=\"article\" \/>\n<meta property=\"og:title\" content=\"Pubrunda i Sk\u00e4rg\u00e5rden - 57 Grader Nord\" \/>\n<meta property=\"og:description\" content=\"Upplev G\u00f6teborgs sk\u00e4rg\u00e5rd med v\u00e5r trevliga pubrunda. Hoppa mellan pittoreska pubar och njut av ett \u00e4ventyr. Boka nu!\" \/>\n<meta property=\"og:url\" content=\"https:\/\/57gradernord.se\/en\/pubrunda-i-goteborgs-skargard\/\" \/>\n<meta property=\"og:site_name\" content=\"57grader nord\" \/>\n<meta property=\"article:publisher\" content=\"https:\/\/www.facebook.com\/57gradernord\" \/>\n<meta property=\"article:modified_time\" content=\"2023-08-11T12:27:32+00:00\" \/>\n<meta property=\"og:image\" content=\"https:\/\/57gradernord.se\/wp-content\/uploads\/elementor\/thumbs\/57nord-mob-header-img-pghjdngztmpawjhcnhn1nac7xkur02hbjrgdxrohgw.jpg\" \/>\n<meta name=\"twitter:card\" content=\"summary_large_image\" \/>\n<meta name=\"twitter:label1\" content=\"Estimated reading time\" \/>\n\t<meta name=\"twitter:data1\" content=\"2 minutes\" \/>\n<script type=\"application\/ld+json\" class=\"yoast-schema-graph\">{\"@context\":\"https:\/\/schema.org\",\"@graph\":[{\"@type\":\"WebPage\",\"@id\":\"https:\/\/57gradernord.se\/pubrunda-i-goteborgs-skargard\/\",\"url\":\"https:\/\/57gradernord.se\/pubrunda-i-goteborgs-skargard\/\",\"name\":\"Pubrunda i Sk\u00e4rg\u00e5rden - 57 Grader Nord\",\"isPartOf\":{\"@id\":\"https:\/\/57gradernord.se\/#website\"},\"primaryImageOfPage\":{\"@id\":\"https:\/\/57gradernord.se\/pubrunda-i-goteborgs-skargard\/#primaryimage\"},\"image\":{\"@id\":\"https:\/\/57gradernord.se\/pubrunda-i-goteborgs-skargard\/#primaryimage\"},\"thumbnailUrl\":\"https:\/\/57gradernord.se\/wp-content\/uploads\/elementor\/thumbs\/57nord-mob-header-img-pghjdngztmpawjhcnhn1nac7xkur02hbjrgdxrohgw.jpg\",\"datePublished\":\"2021-12-07T09:46:58+00:00\",\"dateModified\":\"2023-08-11T12:27:32+00:00\",\"description\":\"Upplev G\u00f6teborgs sk\u00e4rg\u00e5rd med v\u00e5r trevliga pubrunda. Hoppa mellan pittoreska pubar och njut av ett \u00e4ventyr. Boka nu!\",\"breadcrumb\":{\"@id\":\"https:\/\/57gradernord.se\/pubrunda-i-goteborgs-skargard\/#breadcrumb\"},\"inLanguage\":\"en-GB\",\"potentialAction\":[{\"@type\":\"ReadAction\",\"target\":[\"https:\/\/57gradernord.se\/pubrunda-i-goteborgs-skargard\/\"]}]},{\"@type\":\"ImageObject\",\"inLanguage\":\"en-GB\",\"@id\":\"https:\/\/57gradernord.se\/pubrunda-i-goteborgs-skargard\/#primaryimage\",\"url\":\"https:\/\/57gradernord.se\/wp-content\/uploads\/elementor\/thumbs\/57nord-mob-header-img-pghjdngztmpawjhcnhn1nac7xkur02hbjrgdxrohgw.jpg\",\"contentUrl\":\"https:\/\/57gradernord.se\/wp-content\/uploads\/elementor\/thumbs\/57nord-mob-header-img-pghjdngztmpawjhcnhn1nac7xkur02hbjrgdxrohgw.jpg\"},{\"@type\":\"BreadcrumbList\",\"@id\":\"https:\/\/57gradernord.se\/pubrunda-i-goteborgs-skargard\/#breadcrumb\",\"itemListElement\":[{\"@type\":\"ListItem\",\"position\":1,\"name\":\"Home\",\"item\":\"https:\/\/57gradernord.se\/\"},{\"@type\":\"ListItem\",\"position\":2,\"name\":\"Pubrunda i G\u00f6teborgs sk\u00e4rg\u00e5rd\"}]},{\"@type\":\"WebSite\",\"@id\":\"https:\/\/57gradernord.se\/#website\",\"url\":\"https:\/\/57gradernord.se\/\",\"name\":\"57grader nord\",\"description\":\"EXKLUSIVA UPPLEVELSER I G\u00d6TEBORGS SK\u00c4RG\u00c5RD\",\"publisher\":{\"@id\":\"https:\/\/57gradernord.se\/#organization\"},\"potentialAction\":[{\"@type\":\"SearchAction\",\"target\":{\"@type\":\"EntryPoint\",\"urlTemplate\":\"https:\/\/57gradernord.se\/?s={search_term_string}\"},\"query-input\":\"required name=search_term_string\"}],\"inLanguage\":\"en-GB\"},{\"@type\":\"Organization\",\"@id\":\"https:\/\/57gradernord.se\/#organization\",\"name\":\"57 Nord AB\",\"url\":\"https:\/\/57gradernord.se\/\",\"logo\":{\"@type\":\"ImageObject\",\"inLanguage\":\"en-GB\",\"@id\":\"https:\/\/57gradernord.se\/#\/schema\/logo\/image\/\",\"url\":\"https:\/\/57gradernord.se\/wp-content\/uploads\/2021\/12\/cropped-fav1.png\",\"contentUrl\":\"https:\/\/57gradernord.se\/wp-content\/uploads\/2021\/12\/cropped-fav1.png\",\"width\":512,\"height\":512,\"caption\":\"57 Nord AB\"},\"image\":{\"@id\":\"https:\/\/57gradernord.se\/#\/schema\/logo\/image\/\"},\"sameAs\":[\"https:\/\/www.facebook.com\/57gradernord\"]}]}<\/script>\n<!-- \/ Yoast SEO plugin. -->","yoast_head_json":{"title":"Pubrunda i Sk\u00e4rg\u00e5rden - 57 Grader Nord","description":"Upplev G\u00f6teborgs sk\u00e4rg\u00e5rd med v\u00e5r trevliga pubrunda. Hoppa mellan pittoreska pubar och njut av ett \u00e4ventyr. Boka nu!","robots":{"index":"index","follow":"follow","max-snippet":"max-snippet:-1","max-image-preview":"max-image-preview:large","max-video-preview":"max-video-preview:-1"},"canonical":"https:\/\/57gradernord.se\/en\/pubrunda-i-goteborgs-skargard\/","og_locale":"en_GB","og_type":"article","og_title":"Pubrunda i Sk\u00e4rg\u00e5rden - 57 Grader Nord","og_description":"Upplev G\u00f6teborgs sk\u00e4rg\u00e5rd med v\u00e5r trevliga pubrunda. Hoppa mellan pittoreska pubar och njut av ett \u00e4ventyr. Boka nu!","og_url":"https:\/\/57gradernord.se\/en\/pubrunda-i-goteborgs-skargard\/","og_site_name":"57grader nord","article_publisher":"https:\/\/www.facebook.com\/57gradernord","article_modified_time":"2023-08-11T12:27:32+00:00","og_image":[{"url":"https:\/\/57gradernord.se\/wp-content\/uploads\/elementor\/thumbs\/57nord-mob-header-img-pghjdngztmpawjhcnhn1nac7xkur02hbjrgdxrohgw.jpg"}],"twitter_card":"summary_large_image","twitter_misc":{"Estimated reading time":"2 minutes"},"schema":{"@context":"https:\/\/schema.org","@graph":[{"@type":"WebPage","@id":"https:\/\/57gradernord.se\/pubrunda-i-goteborgs-skargard\/","url":"https:\/\/57gradernord.se\/pubrunda-i-goteborgs-skargard\/","name":"Pubrunda i Sk\u00e4rg\u00e5rden - 57 Grader Nord","isPartOf":{"@id":"https:\/\/57gradernord.se\/#website"},"primaryImageOfPage":{"@id":"https:\/\/57gradernord.se\/pubrunda-i-goteborgs-skargard\/#primaryimage"},"image":{"@id":"https:\/\/57gradernord.se\/pubrunda-i-goteborgs-skargard\/#primaryimage"},"thumbnailUrl":"https:\/\/57gradernord.se\/wp-content\/uploads\/elementor\/thumbs\/57nord-mob-header-img-pghjdngztmpawjhcnhn1nac7xkur02hbjrgdxrohgw.jpg","datePublished":"2021-12-07T09:46:58+00:00","dateModified":"2023-08-11T12:27:32+00:00","description":"Upplev G\u00f6teborgs sk\u00e4rg\u00e5rd med v\u00e5r trevliga pubrunda. Hoppa mellan pittoreska pubar och njut av ett \u00e4ventyr. Boka nu!","breadcrumb":{"@id":"https:\/\/57gradernord.se\/pubrunda-i-goteborgs-skargard\/#breadcrumb"},"inLanguage":"en-GB","potentialAction":[{"@type":"ReadAction","target":["https:\/\/57gradernord.se\/pubrunda-i-goteborgs-skargard\/"]}]},{"@type":"ImageObject","inLanguage":"en-GB","@id":"https:\/\/57gradernord.se\/pubrunda-i-goteborgs-skargard\/#primaryimage","url":"https:\/\/57gradernord.se\/wp-content\/uploads\/elementor\/thumbs\/57nord-mob-header-img-pghjdngztmpawjhcnhn1nac7xkur02hbjrgdxrohgw.jpg","contentUrl":"https:\/\/57gradernord.se\/wp-content\/uploads\/elementor\/thumbs\/57nord-mob-header-img-pghjdngztmpawjhcnhn1nac7xkur02hbjrgdxrohgw.jpg"},{"@type":"BreadcrumbList","@id":"https:\/\/57gradernord.se\/pubrunda-i-goteborgs-skargard\/#breadcrumb","itemListElement":[{"@type":"ListItem","position":1,"name":"Home","item":"https:\/\/57gradernord.se\/"},{"@type":"ListItem","position":2,"name":"Pubrunda i G\u00f6teborgs sk\u00e4rg\u00e5rd"}]},{"@type":"WebSite","@id":"https:\/\/57gradernord.se\/#website","url":"https:\/\/57gradernord.se\/","name":"57grader nord","description":"EXKLUSIVA UPPLEVELSER I G\u00d6TEBORGS SK\u00c4RG\u00c5RD","publisher":{"@id":"https:\/\/57gradernord.se\/#organization"},"potentialAction":[{"@type":"SearchAction","target":{"@type":"EntryPoint","urlTemplate":"https:\/\/57gradernord.se\/?s={search_term_string}"},"query-input":"required name=search_term_string"}],"inLanguage":"en-GB"},{"@type":"Organization","@id":"https:\/\/57gradernord.se\/#organization","name":"57 Nord AB","url":"https:\/\/57gradernord.se\/","logo":{"@type":"ImageObject","inLanguage":"en-GB","@id":"https:\/\/57gradernord.se\/#\/schema\/logo\/image\/","url":"https:\/\/57gradernord.se\/wp-content\/uploads\/2021\/12\/cropped-fav1.png","contentUrl":"https:\/\/57gradernord.se\/wp-content\/uploads\/2021\/12\/cropped-fav1.png","width":512,"height":512,"caption":"57 Nord AB"},"image":{"@id":"https:\/\/57gradernord.se\/#\/schema\/logo\/image\/"},"sameAs":["https:\/\/www.facebook.com\/57gradernord"]}]}},"_links":{"self":[{"href":"https:\/\/57gradernord.se\/en\/wp-json\/wp\/v2\/pages\/693","targetHints":{"allow":["GET"]}}],"collection":[{"href":"https:\/\/57gradernord.se\/en\/wp-json\/wp\/v2\/pages"}],"about":[{"href":"https:\/\/57gradernord.se\/en\/wp-json\/wp\/v2\/types\/page"}],"author":[{"embeddable":true,"href":"https:\/\/57gradernord.se\/en\/wp-json\/wp\/v2\/users\/1"}],"replies":[{"embeddable":true,"href":"https:\/\/57gradernord.se\/en\/wp-json\/wp\/v2\/comments?post=693"}],"version-history":[{"count":41,"href":"https:\/\/57gradernord.se\/en\/wp-json\/wp\/v2\/pages\/693\/revisions"}],"predecessor-version":[{"id":2079,"href":"https:\/\/57gradernord.se\/en\/wp-json\/wp\/v2\/pages\/693\/revisions\/2079"}],"wp:attachment":[{"href":"https:\/\/57gradernord.se\/en\/wp-json\/wp\/v2\/media?parent=693"}],"curies":[{"name":"wp","href":"https:\/\/api.w.org\/{rel}","templated":true}]}}