{"id":143,"date":"2021-11-24T13:56:30","date_gmt":"2021-11-24T13:56:30","guid":{"rendered":"https:\/\/57gradernord.se\/?page_id=143"},"modified":"2024-04-23T19:16:08","modified_gmt":"2024-04-23T19:16:08","slug":"kontakt","status":"publish","type":"page","link":"https:\/\/57gradernord.se\/en\/kontakt\/","title":{"rendered":"kontakt"},"content":{"rendered":"<div data-elementor-type=\"wp-page\" data-elementor-id=\"143\" class=\"elementor elementor-143\">\n\t\t\t\t\t\t<section class=\"elementor-section elementor-top-section elementor-element elementor-element-5ba871ad elementor-section-boxed elementor-section-height-default elementor-section-height-default\" data-id=\"5ba871ad\" data-element_type=\"section\" data-settings=\"{&quot;animation&quot;:&quot;none&quot;,&quot;background_background&quot;:&quot;classic&quot;}\">\n\t\t\t\t\t\t<div class=\"elementor-container elementor-column-gap-default\">\n\t\t\t\t\t<div class=\"elementor-column elementor-col-50 elementor-top-column elementor-element elementor-element-7d9efa75\" data-id=\"7d9efa75\" data-element_type=\"column\" data-settings=\"{&quot;background_background&quot;:&quot;classic&quot;}\">\n\t\t\t<div class=\"elementor-widget-wrap elementor-element-populated\">\n\t\t\t\t\t<div class=\"elementor-background-overlay\"><\/div>\n\t\t\t\t\t\t<section class=\"elementor-section elementor-inner-section elementor-element elementor-element-678d54e elementor-section-full_width elementor-section-height-default elementor-section-height-default\" data-id=\"678d54e\" data-element_type=\"section\">\n\t\t\t\t\t\t<div class=\"elementor-container elementor-column-gap-default\">\n\t\t\t\t\t<div class=\"elementor-column elementor-col-100 elementor-inner-column elementor-element elementor-element-a73ec72\" data-id=\"a73ec72\" data-element_type=\"column\">\n\t\t\t<div class=\"elementor-widget-wrap elementor-element-populated\">\n\t\t\t\t\t\t<div class=\"elementor-element elementor-element-9912a1e elementor-widget elementor-widget-heading\" data-id=\"9912a1e\" data-element_type=\"widget\" data-widget_type=\"heading.default\">\n\t\t\t\t<div class=\"elementor-widget-container\">\n\t\t\t<style>\/*! elementor - v3.21.0 - 08-05-2024 *\/\n.elementor-heading-title{padding:0;margin:0;line-height:1}.elementor-widget-heading .elementor-heading-title[class*=elementor-size-]>a{color:inherit;font-size:inherit;line-height:inherit}.elementor-widget-heading .elementor-heading-title.elementor-size-small{font-size:15px}.elementor-widget-heading .elementor-heading-title.elementor-size-medium{font-size:19px}.elementor-widget-heading .elementor-heading-title.elementor-size-large{font-size:29px}.elementor-widget-heading .elementor-heading-title.elementor-size-xl{font-size:39px}.elementor-widget-heading .elementor-heading-title.elementor-size-xxl{font-size:59px}<\/style><h1 class=\"elementor-heading-title elementor-size-default\">Booking &amp; Conatct<\/h1>\t\t<\/div>\n\t\t\t\t<\/div>\n\t\t\t\t<div class=\"elementor-element elementor-element-6c14f93e elementor-widget elementor-widget-text-editor\" data-id=\"6c14f93e\" data-element_type=\"widget\" data-widget_type=\"text-editor.default\">\n\t\t\t\t<div class=\"elementor-widget-container\">\n\t\t\t<style>\/*! elementor - v3.21.0 - 08-05-2024 *\/\n.elementor-widget-text-editor.elementor-drop-cap-view-stacked .elementor-drop-cap{background-color:#69727d;color:#fff}.elementor-widget-text-editor.elementor-drop-cap-view-framed .elementor-drop-cap{color:#69727d;border:3px solid;background-color:transparent}.elementor-widget-text-editor:not(.elementor-drop-cap-view-default) .elementor-drop-cap{margin-top:8px}.elementor-widget-text-editor:not(.elementor-drop-cap-view-default) .elementor-drop-cap-letter{width:1em;height:1em}.elementor-widget-text-editor .elementor-drop-cap{float:left;text-align:center;line-height:1;font-size:50px}.elementor-widget-text-editor .elementor-drop-cap-letter{display:inline-block}<\/style>\t\t\t\t<p>Send your booking enquiry to us via email or ring us:<\/p><p>Tel: <a href=\"tel: 4631121180\">+46 31 12 11 80<\/a>.<br \/>Mail: <a href=\"mailto:info@57nord.se\">info@57nord.se<\/a><\/p>\t\t\t\t\t\t<\/div>\n\t\t\t\t<\/div>\n\t\t\t\t\t<\/div>\n\t\t<\/div>\n\t\t\t\t\t<\/div>\n\t\t<\/section>\n\t\t\t\t<div class=\"elementor-element elementor-element-2fa5fb1 elementor-widget elementor-widget-spacer\" data-id=\"2fa5fb1\" data-element_type=\"widget\" data-widget_type=\"spacer.default\">\n\t\t\t\t<div class=\"elementor-widget-container\">\n\t\t\t<style>\/*! elementor - v3.21.0 - 08-05-2024 *\/\n.elementor-column .elementor-spacer-inner{height:var(--spacer-size)}.e-con{--container-widget-width:100%}.e-con-inner>.elementor-widget-spacer,.e-con>.elementor-widget-spacer{width:var(--container-widget-width,var(--spacer-size));--align-self:var(--container-widget-align-self,initial);--flex-shrink:0}.e-con-inner>.elementor-widget-spacer>.elementor-widget-container,.e-con>.elementor-widget-spacer>.elementor-widget-container{height:100%;width:100%}.e-con-inner>.elementor-widget-spacer>.elementor-widget-container>.elementor-spacer,.e-con>.elementor-widget-spacer>.elementor-widget-container>.elementor-spacer{height:100%}.e-con-inner>.elementor-widget-spacer>.elementor-widget-container>.elementor-spacer>.elementor-spacer-inner,.e-con>.elementor-widget-spacer>.elementor-widget-container>.elementor-spacer>.elementor-spacer-inner{height:var(--container-widget-height,var(--spacer-size))}.e-con-inner>.elementor-widget-spacer.elementor-widget-empty,.e-con>.elementor-widget-spacer.elementor-widget-empty{position:relative;min-height:22px;min-width:22px}.e-con-inner>.elementor-widget-spacer.elementor-widget-empty .elementor-widget-empty-icon,.e-con>.elementor-widget-spacer.elementor-widget-empty .elementor-widget-empty-icon{position:absolute;top:0;bottom:0;left:0;right:0;margin:auto;padding:0;width:22px;height:22px}<\/style>\t\t<div class=\"elementor-spacer\">\n\t\t\t<div class=\"elementor-spacer-inner\"><\/div>\n\t\t<\/div>\n\t\t\t\t<\/div>\n\t\t\t\t<\/div>\n\t\t\t\t\t<\/div>\n\t\t<\/div>\n\t\t\t\t<div class=\"elementor-column elementor-col-50 elementor-top-column elementor-element elementor-element-6935db2d\" data-id=\"6935db2d\" data-element_type=\"column\" data-settings=\"{&quot;background_background&quot;:&quot;classic&quot;}\">\n\t\t\t<div class=\"elementor-widget-wrap elementor-element-populated\">\n\t\t\t\t\t\t<div class=\"elementor-element elementor-element-72e1d0c elementor-widget elementor-widget-wpforms\" data-id=\"72e1d0c\" data-element_type=\"widget\" data-widget_type=\"wpforms.default\">\n\t\t\t\t<div class=\"elementor-widget-container\">\n\t\t\t<div class=\"wpforms-container wpforms-container-full\" id=\"wpforms-33\"><form id=\"wpforms-form-33\" class=\"wpforms-validate wpforms-form wpforms-ajax-form\" data-formid=\"33\" method=\"post\" enctype=\"multipart\/form-data\" action=\"\/en\/wp-json\/wp\/v2\/pages\/143\" data-token=\"a927b735f1edfb04cdcb078fdf757101\" data-token-time=\"1776685096\" data-trp-original-action=\"\/en\/wp-json\/wp\/v2\/pages\/143\"><noscript class=\"wpforms-error-noscript\">Please enable JavaScript in your browser to complete this form.<\/noscript><div class=\"wpforms-field-container\"><div id=\"wpforms-33-field_1-container\" class=\"wpforms-field wpforms-field-name\" data-field-id=\"1\"><label class=\"wpforms-field-label wpforms-label-hide\" for=\"wpforms-33-field_1\">Namn <span class=\"wpforms-required-label\">*<\/span><\/label><div class=\"wpforms-field-row wpforms-field-large\"><div class=\"wpforms-field-row-block wpforms-first wpforms-one-half\"><input type=\"text\" id=\"wpforms-33-field_1\" class=\"wpforms-field-name-first wpforms-field-required\" name=\"wpforms[fields][1][first]\" placeholder=\"First name\" required><label for=\"wpforms-33-field_1\" class=\"wpforms-field-sublabel after wpforms-sublabel-hide\">First<\/label><\/div><div class=\"wpforms-field-row-block wpforms-one-half\"><input type=\"text\" id=\"wpforms-33-field_1-last\" class=\"wpforms-field-name-last wpforms-field-required\" name=\"wpforms[fields][1][last]\" placeholder=\"Last name\" required><label for=\"wpforms-33-field_1-last\" class=\"wpforms-field-sublabel after wpforms-sublabel-hide\">Last<\/label><\/div><\/div><\/div><div id=\"wpforms-33-field_3-container\" class=\"wpforms-field wpforms-field-number\" data-field-id=\"3\"><label class=\"wpforms-field-label wpforms-label-hide\" for=\"wpforms-33-field_3\">Tel<\/label><input type=\"number\" id=\"wpforms-33-field_3\" class=\"wpforms-field-large\" name=\"wpforms[fields][3]\" placeholder=\"Tel\" ><\/div><div id=\"wpforms-33-field_2-container\" class=\"wpforms-field wpforms-field-email\" data-field-id=\"2\"><label class=\"wpforms-field-label wpforms-label-hide\" for=\"wpforms-33-field_2\">Email <span class=\"wpforms-required-label\">*<\/span><\/label><input type=\"email\" id=\"wpforms-33-field_2\" class=\"wpforms-field-large wpforms-field-required\" name=\"wpforms[fields][2]\" placeholder=\"Email\" spellcheck=\"false\" required><\/div><div id=\"wpforms-33-field_4-container\" class=\"wpforms-field wpforms-field-textarea\" data-field-id=\"4\"><label class=\"wpforms-field-label wpforms-label-hide\" for=\"wpforms-33-field_4\">Textstycke<\/label><textarea id=\"wpforms-33-field_4\" class=\"wpforms-field-medium wpforms-limit-characters-enabled\" data-form-id=\"33\" data-field-id=\"4\" data-text-limit=\"300\" name=\"wpforms[fields][4]\" placeholder=\"Message\" maxlength=\"300\" ><\/textarea><\/div><div id=\"wpforms-33-field_5-container\" class=\"wpforms-field wpforms-field-checkbox\" data-field-id=\"5\"><label class=\"wpforms-field-label wpforms-label-hide\" for=\"wpforms-33-field_5\">Kryssrutor <span class=\"wpforms-required-label\">*<\/span><\/label><ul id=\"wpforms-33-field_5\" class=\"wpforms-field-required\"><li class=\"choice-1 depth-1\"><input type=\"checkbox\" id=\"wpforms-33-field_5_1\" name=\"wpforms[fields][5][]\" value=\"GDPR\" required><label class=\"wpforms-field-label-inline\" for=\"wpforms-33-field_5_1\">GDPR<\/label><\/li><\/ul><div class=\"wpforms-field-description\">I hereby agree to let 57nord save my contact information for the sole purpose of completing this booking enquiry and offering you our services.<\/div><\/div><\/div><!-- .wpforms-field-container --><div class=\"wpforms-submit-container\" ><input type=\"hidden\" name=\"wpforms[id]\" value=\"33\"><input type=\"hidden\" name=\"page_title\" value=\"\"><input type=\"hidden\" name=\"page_url\" value=\"https:\/\/57gradernord.se\/en\/wp-json\/wp\/v2\/pages\/143\"><button type=\"submit\" name=\"wpforms[submit]\" id=\"wpforms-submit-33\" class=\"wpforms-submit\" data-alt-text=\"Skickar \u2026\" data-submit-text=\"Skicka\" aria-live=\"assertive\" value=\"wpforms-submit\">Send<\/button><img decoding=\"async\" src=\"https:\/\/57gradernord.se\/wp-content\/plugins\/wpforms-lite\/assets\/images\/submit-spin.svg\" class=\"wpforms-submit-spinner\" style=\"display: none;\" width=\"26\" height=\"26\" alt=\"Loading\"><\/div><input type=\"hidden\" name=\"trp-form-language\" value=\"en\"\/><\/form><\/div>  <!-- .wpforms-container -->\t\t<\/div>\n\t\t\t\t<\/div>\n\t\t\t\t\t<\/div>\n\t\t<\/div>\n\t\t\t\t\t<\/div>\n\t\t<\/section>\n\t\t\t\t<section class=\"elementor-section elementor-top-section elementor-element elementor-element-99b4d88 elementor-section-full_width elementor-section-height-default elementor-section-height-default\" data-id=\"99b4d88\" data-element_type=\"section\" data-settings=\"{&quot;background_background&quot;:&quot;classic&quot;}\">\n\t\t\t\t\t\t<div class=\"elementor-container elementor-column-gap-default\">\n\t\t\t\t\t<div class=\"elementor-column elementor-col-100 elementor-top-column elementor-element elementor-element-d189a5e\" data-id=\"d189a5e\" data-element_type=\"column\">\n\t\t\t<div class=\"elementor-widget-wrap elementor-element-populated\">\n\t\t\t\t\t\t<div class=\"elementor-element elementor-element-f9233fe elementor-widget elementor-widget-text-editor\" data-id=\"f9233fe\" data-element_type=\"widget\" data-widget_type=\"text-editor.default\">\n\t\t\t\t<div class=\"elementor-widget-container\">\n\t\t\t\t\t\t\t<p>Hemmahamn: Klippan vid \u00c4lvsborgsbron. \u00a0 |\u00a0 \u00a0Adressen \u00e4r: Adolf Edelsv\u00e4rds gata 11, G\u00f6teborg\u00a0 \u00a0|\u00a0 \u00a0 Postadress: Banehagsliden 5, 414 53 G\u00f6teborg<\/p>\t\t\t\t\t\t<\/div>\n\t\t\t\t<\/div>\n\t\t\t\t\t<\/div>\n\t\t<\/div>\n\t\t\t\t\t<\/div>\n\t\t<\/section>\n\t\t\t\t<\/div>","protected":false},"excerpt":{"rendered":"<p>BOKNING &#038; KONTAKT Skicka din bokningsf\u00f6rfr\u00e5gan till v\u00e5r mejl eller ring oss: Tel: +46 31 12 11 80.Mail: info@57nord.se Please enable JavaScript in your browser to complete this form.Namn *FirstLastTelE-post *TextstyckeKryssrutor * GDPR H\u00e4rmed samtycker jag till att 57nord f\u00e5r spara och lagra mina uppgifter. Detta f\u00f6r att kunna utf\u00f6ra de tj\u00e4nster som 57nord erbjuder. [&hellip;]<\/p>","protected":false},"author":1,"featured_media":0,"parent":0,"menu_order":0,"comment_status":"closed","ping_status":"closed","template":"elementor_canvas","meta":{"footnotes":""},"class_list":["post-143","page","type-page","status-publish","hentry"],"yoast_head":"<!-- This site is optimized with the Yoast SEO plugin v22.7 - https:\/\/yoast.com\/wordpress\/plugins\/seo\/ -->\n<title>Kontakta Oss Idag - 57 Grader Nord<\/title>\n<meta name=\"description\" content=\"Har du fr\u00e5gor? Kontakta oss f\u00f6r skr\u00e4ddarsydd hj\u00e4lp. Vi ser fram emot att h\u00f6ra fr\u00e5n dig och hj\u00e4lpa dig att planera din kommande sk\u00e4rg\u00e5rdsresa.\" \/>\n<meta name=\"robots\" content=\"index, follow, max-snippet:-1, max-image-preview:large, max-video-preview:-1\" \/>\n<link rel=\"canonical\" href=\"https:\/\/57gradernord.se\/en\/kontakt\/\" \/>\n<meta property=\"og:locale\" content=\"en_GB\" \/>\n<meta property=\"og:type\" content=\"article\" \/>\n<meta property=\"og:title\" content=\"Kontakta Oss Idag - 57 Grader Nord\" \/>\n<meta property=\"og:description\" content=\"Har du fr\u00e5gor? Kontakta oss f\u00f6r skr\u00e4ddarsydd hj\u00e4lp. Vi ser fram emot att h\u00f6ra fr\u00e5n dig och hj\u00e4lpa dig att planera din kommande sk\u00e4rg\u00e5rdsresa.\" \/>\n<meta property=\"og:url\" content=\"https:\/\/57gradernord.se\/en\/kontakt\/\" \/>\n<meta property=\"og:site_name\" content=\"57grader nord\" \/>\n<meta property=\"article:publisher\" content=\"https:\/\/www.facebook.com\/57gradernord\" \/>\n<meta property=\"article:modified_time\" content=\"2024-04-23T19:16:08+00:00\" \/>\n<meta property=\"og:image\" content=\"https:\/\/57gradernord.se\/wp-content\/plugins\/wpforms-lite\/assets\/images\/submit-spin.svg\" \/>\n<meta name=\"twitter:card\" content=\"summary_large_image\" \/>\n<meta name=\"twitter:label1\" content=\"Estimated reading time\" \/>\n\t<meta name=\"twitter:data1\" content=\"1 minute\" \/>\n<script type=\"application\/ld+json\" class=\"yoast-schema-graph\">{\"@context\":\"https:\/\/schema.org\",\"@graph\":[{\"@type\":\"WebPage\",\"@id\":\"https:\/\/57gradernord.se\/kontakt\/\",\"url\":\"https:\/\/57gradernord.se\/kontakt\/\",\"name\":\"Kontakta Oss Idag - 57 Grader Nord\",\"isPartOf\":{\"@id\":\"https:\/\/57gradernord.se\/#website\"},\"primaryImageOfPage\":{\"@id\":\"https:\/\/57gradernord.se\/kontakt\/#primaryimage\"},\"image\":{\"@id\":\"https:\/\/57gradernord.se\/kontakt\/#primaryimage\"},\"thumbnailUrl\":\"https:\/\/57gradernord.se\/wp-content\/plugins\/wpforms-lite\/assets\/images\/submit-spin.svg\",\"datePublished\":\"2021-11-24T13:56:30+00:00\",\"dateModified\":\"2024-04-23T19:16:08+00:00\",\"description\":\"Har du fr\u00e5gor? Kontakta oss f\u00f6r skr\u00e4ddarsydd hj\u00e4lp. Vi ser fram emot att h\u00f6ra fr\u00e5n dig och hj\u00e4lpa dig att planera din kommande sk\u00e4rg\u00e5rdsresa.\",\"breadcrumb\":{\"@id\":\"https:\/\/57gradernord.se\/kontakt\/#breadcrumb\"},\"inLanguage\":\"en-GB\",\"potentialAction\":[{\"@type\":\"ReadAction\",\"target\":[\"https:\/\/57gradernord.se\/kontakt\/\"]}]},{\"@type\":\"ImageObject\",\"inLanguage\":\"en-GB\",\"@id\":\"https:\/\/57gradernord.se\/kontakt\/#primaryimage\",\"url\":\"https:\/\/57gradernord.se\/wp-content\/plugins\/wpforms-lite\/assets\/images\/submit-spin.svg\",\"contentUrl\":\"https:\/\/57gradernord.se\/wp-content\/plugins\/wpforms-lite\/assets\/images\/submit-spin.svg\"},{\"@type\":\"BreadcrumbList\",\"@id\":\"https:\/\/57gradernord.se\/kontakt\/#breadcrumb\",\"itemListElement\":[{\"@type\":\"ListItem\",\"position\":1,\"name\":\"Home\",\"item\":\"https:\/\/57gradernord.se\/\"},{\"@type\":\"ListItem\",\"position\":2,\"name\":\"kontakt\"}]},{\"@type\":\"WebSite\",\"@id\":\"https:\/\/57gradernord.se\/#website\",\"url\":\"https:\/\/57gradernord.se\/\",\"name\":\"57grader nord\",\"description\":\"EXKLUSIVA UPPLEVELSER I G\u00d6TEBORGS SK\u00c4RG\u00c5RD\",\"publisher\":{\"@id\":\"https:\/\/57gradernord.se\/#organization\"},\"potentialAction\":[{\"@type\":\"SearchAction\",\"target\":{\"@type\":\"EntryPoint\",\"urlTemplate\":\"https:\/\/57gradernord.se\/?s={search_term_string}\"},\"query-input\":\"required name=search_term_string\"}],\"inLanguage\":\"en-GB\"},{\"@type\":\"Organization\",\"@id\":\"https:\/\/57gradernord.se\/#organization\",\"name\":\"57 Nord AB\",\"url\":\"https:\/\/57gradernord.se\/\",\"logo\":{\"@type\":\"ImageObject\",\"inLanguage\":\"en-GB\",\"@id\":\"https:\/\/57gradernord.se\/#\/schema\/logo\/image\/\",\"url\":\"https:\/\/57gradernord.se\/wp-content\/uploads\/2021\/12\/cropped-fav1.png\",\"contentUrl\":\"https:\/\/57gradernord.se\/wp-content\/uploads\/2021\/12\/cropped-fav1.png\",\"width\":512,\"height\":512,\"caption\":\"57 Nord AB\"},\"image\":{\"@id\":\"https:\/\/57gradernord.se\/#\/schema\/logo\/image\/\"},\"sameAs\":[\"https:\/\/www.facebook.com\/57gradernord\"]}]}<\/script>\n<!-- \/ Yoast SEO plugin. -->","yoast_head_json":{"title":"Kontakta Oss Idag - 57 Grader Nord","description":"Har du fr\u00e5gor? Kontakta oss f\u00f6r skr\u00e4ddarsydd hj\u00e4lp. Vi ser fram emot att h\u00f6ra fr\u00e5n dig och hj\u00e4lpa dig att planera din kommande sk\u00e4rg\u00e5rdsresa.","robots":{"index":"index","follow":"follow","max-snippet":"max-snippet:-1","max-image-preview":"max-image-preview:large","max-video-preview":"max-video-preview:-1"},"canonical":"https:\/\/57gradernord.se\/en\/kontakt\/","og_locale":"en_GB","og_type":"article","og_title":"Kontakta Oss Idag - 57 Grader Nord","og_description":"Har du fr\u00e5gor? Kontakta oss f\u00f6r skr\u00e4ddarsydd hj\u00e4lp. Vi ser fram emot att h\u00f6ra fr\u00e5n dig och hj\u00e4lpa dig att planera din kommande sk\u00e4rg\u00e5rdsresa.","og_url":"https:\/\/57gradernord.se\/en\/kontakt\/","og_site_name":"57grader nord","article_publisher":"https:\/\/www.facebook.com\/57gradernord","article_modified_time":"2024-04-23T19:16:08+00:00","og_image":[{"url":"https:\/\/57gradernord.se\/wp-content\/plugins\/wpforms-lite\/assets\/images\/submit-spin.svg"}],"twitter_card":"summary_large_image","twitter_misc":{"Estimated reading time":"1 minute"},"schema":{"@context":"https:\/\/schema.org","@graph":[{"@type":"WebPage","@id":"https:\/\/57gradernord.se\/kontakt\/","url":"https:\/\/57gradernord.se\/kontakt\/","name":"Kontakta Oss Idag - 57 Grader Nord","isPartOf":{"@id":"https:\/\/57gradernord.se\/#website"},"primaryImageOfPage":{"@id":"https:\/\/57gradernord.se\/kontakt\/#primaryimage"},"image":{"@id":"https:\/\/57gradernord.se\/kontakt\/#primaryimage"},"thumbnailUrl":"https:\/\/57gradernord.se\/wp-content\/plugins\/wpforms-lite\/assets\/images\/submit-spin.svg","datePublished":"2021-11-24T13:56:30+00:00","dateModified":"2024-04-23T19:16:08+00:00","description":"Har du fr\u00e5gor? Kontakta oss f\u00f6r skr\u00e4ddarsydd hj\u00e4lp. Vi ser fram emot att h\u00f6ra fr\u00e5n dig och hj\u00e4lpa dig att planera din kommande sk\u00e4rg\u00e5rdsresa.","breadcrumb":{"@id":"https:\/\/57gradernord.se\/kontakt\/#breadcrumb"},"inLanguage":"en-GB","potentialAction":[{"@type":"ReadAction","target":["https:\/\/57gradernord.se\/kontakt\/"]}]},{"@type":"ImageObject","inLanguage":"en-GB","@id":"https:\/\/57gradernord.se\/kontakt\/#primaryimage","url":"https:\/\/57gradernord.se\/wp-content\/plugins\/wpforms-lite\/assets\/images\/submit-spin.svg","contentUrl":"https:\/\/57gradernord.se\/wp-content\/plugins\/wpforms-lite\/assets\/images\/submit-spin.svg"},{"@type":"BreadcrumbList","@id":"https:\/\/57gradernord.se\/kontakt\/#breadcrumb","itemListElement":[{"@type":"ListItem","position":1,"name":"Home","item":"https:\/\/57gradernord.se\/"},{"@type":"ListItem","position":2,"name":"kontakt"}]},{"@type":"WebSite","@id":"https:\/\/57gradernord.se\/#website","url":"https:\/\/57gradernord.se\/","name":"57grader nord","description":"EXKLUSIVA UPPLEVELSER I G\u00d6TEBORGS SK\u00c4RG\u00c5RD","publisher":{"@id":"https:\/\/57gradernord.se\/#organization"},"potentialAction":[{"@type":"SearchAction","target":{"@type":"EntryPoint","urlTemplate":"https:\/\/57gradernord.se\/?s={search_term_string}"},"query-input":"required name=search_term_string"}],"inLanguage":"en-GB"},{"@type":"Organization","@id":"https:\/\/57gradernord.se\/#organization","name":"57 Nord AB","url":"https:\/\/57gradernord.se\/","logo":{"@type":"ImageObject","inLanguage":"en-GB","@id":"https:\/\/57gradernord.se\/#\/schema\/logo\/image\/","url":"https:\/\/57gradernord.se\/wp-content\/uploads\/2021\/12\/cropped-fav1.png","contentUrl":"https:\/\/57gradernord.se\/wp-content\/uploads\/2021\/12\/cropped-fav1.png","width":512,"height":512,"caption":"57 Nord AB"},"image":{"@id":"https:\/\/57gradernord.se\/#\/schema\/logo\/image\/"},"sameAs":["https:\/\/www.facebook.com\/57gradernord"]}]}},"_links":{"self":[{"href":"https:\/\/57gradernord.se\/en\/wp-json\/wp\/v2\/pages\/143","targetHints":{"allow":["GET"]}}],"collection":[{"href":"https:\/\/57gradernord.se\/en\/wp-json\/wp\/v2\/pages"}],"about":[{"href":"https:\/\/57gradernord.se\/en\/wp-json\/wp\/v2\/types\/page"}],"author":[{"embeddable":true,"href":"https:\/\/57gradernord.se\/en\/wp-json\/wp\/v2\/users\/1"}],"replies":[{"embeddable":true,"href":"https:\/\/57gradernord.se\/en\/wp-json\/wp\/v2\/comments?post=143"}],"version-history":[{"count":68,"href":"https:\/\/57gradernord.se\/en\/wp-json\/wp\/v2\/pages\/143\/revisions"}],"predecessor-version":[{"id":2118,"href":"https:\/\/57gradernord.se\/en\/wp-json\/wp\/v2\/pages\/143\/revisions\/2118"}],"wp:attachment":[{"href":"https:\/\/57gradernord.se\/en\/wp-json\/wp\/v2\/media?parent=143"}],"curies":[{"name":"wp","href":"https:\/\/api.w.org\/{rel}","templated":true}]}}