{"id":1101,"date":"2021-12-07T18:52:08","date_gmt":"2021-12-07T18:52:08","guid":{"rendered":"https:\/\/57gradernord.se\/?page_id=1101"},"modified":"2023-08-11T12:31:54","modified_gmt":"2023-08-11T12:31:54","slug":"bastubad-pa-vrango","status":"publish","type":"page","link":"https:\/\/57gradernord.se\/en\/bastubad-pa-vrango\/","title":{"rendered":"Sauna at Vr\u00e5ng\u00f6"},"content":{"rendered":"<div data-elementor-type=\"wp-page\" data-elementor-id=\"1101\" class=\"elementor elementor-1101\">\n\t\t\t\t\t\t<section class=\"elementor-section elementor-top-section elementor-element elementor-element-83eac7c elementor-section-full_width elementor-section-height-min-height animated-fast elementor-section-height-default elementor-section-items-middle elementor-invisible\" data-id=\"83eac7c\" data-element_type=\"section\" data-settings=\"{&quot;background_background&quot;:&quot;classic&quot;,&quot;animation&quot;:&quot;fadeIn&quot;,&quot;animation_tablet&quot;:&quot;fadeIn&quot;,&quot;animation_mobile&quot;:&quot;fadeIn&quot;}\">\n\t\t\t\t\t\t\t<div class=\"elementor-background-overlay\"><\/div>\n\t\t\t\t\t\t\t<div class=\"elementor-container elementor-column-gap-default\">\n\t\t\t\t\t<div class=\"elementor-column elementor-col-100 elementor-top-column elementor-element elementor-element-c8d4f4d elementor-invisible\" data-id=\"c8d4f4d\" data-element_type=\"column\" data-settings=\"{&quot;animation&quot;:&quot;fadeInUp&quot;,&quot;animation_delay&quot;:1000,&quot;animation_mobile&quot;:&quot;slideInUp&quot;}\">\n\t\t\t<div class=\"elementor-widget-wrap elementor-element-populated\">\n\t\t\t\t\t\t<div class=\"elementor-element elementor-element-ceea5d0 elementor-widget elementor-widget-heading\" data-id=\"ceea5d0\" data-element_type=\"widget\" data-widget_type=\"heading.default\">\n\t\t\t\t<div class=\"elementor-widget-container\">\n\t\t\t<style>\/*! elementor - v3.21.0 - 08-05-2024 *\/\n.elementor-heading-title{padding:0;margin:0;line-height:1}.elementor-widget-heading .elementor-heading-title[class*=elementor-size-]>a{color:inherit;font-size:inherit;line-height:inherit}.elementor-widget-heading .elementor-heading-title.elementor-size-small{font-size:15px}.elementor-widget-heading .elementor-heading-title.elementor-size-medium{font-size:19px}.elementor-widget-heading .elementor-heading-title.elementor-size-large{font-size:29px}.elementor-widget-heading .elementor-heading-title.elementor-size-xl{font-size:39px}.elementor-widget-heading .elementor-heading-title.elementor-size-xxl{font-size:59px}<\/style><h1 class=\"elementor-heading-title elementor-size-default\">SAUNA AT VR\u00c5NG\u00d6<\/h1>\t\t<\/div>\n\t\t\t\t<\/div>\n\t\t\t\t<div class=\"elementor-element elementor-element-f99ea5f elementor-widget elementor-widget-heading\" data-id=\"f99ea5f\" data-element_type=\"widget\" data-widget_type=\"heading.default\">\n\t\t\t\t<div class=\"elementor-widget-container\">\n\t\t\t<h2 class=\"elementor-heading-title elementor-size-default\">on the floating sauna in Vr\u00e5ng\u00f6's harbour<\/h2>\t\t<\/div>\n\t\t\t\t<\/div>\n\t\t\t\t\t<\/div>\n\t\t<\/div>\n\t\t\t\t\t<\/div>\n\t\t<\/section>\n\t\t\t\t<section class=\"elementor-section elementor-top-section elementor-element elementor-element-d6c4c79 elementor-section-stretched elementor-section-height-min-height animated-slow elementor-section-boxed elementor-section-height-default elementor-section-items-middle\" data-id=\"d6c4c79\" data-element_type=\"section\" data-settings=\"{&quot;stretch_section&quot;:&quot;section-stretched&quot;,&quot;animation&quot;:&quot;none&quot;,&quot;animation_delay&quot;:700,&quot;background_background&quot;:&quot;classic&quot;}\">\n\t\t\t\t\t\t<div class=\"elementor-container elementor-column-gap-default\">\n\t\t\t\t\t<div class=\"elementor-column elementor-col-100 elementor-top-column elementor-element elementor-element-94e4b32 elementor-invisible\" data-id=\"94e4b32\" data-element_type=\"column\" data-settings=\"{&quot;animation&quot;:&quot;fadeIn&quot;,&quot;animation_delay&quot;:0}\">\n\t\t\t<div class=\"elementor-widget-wrap elementor-element-populated\">\n\t\t\t\t\t\t<div class=\"elementor-element elementor-element-3ec2baf elementor-widget elementor-widget-heading\" data-id=\"3ec2baf\" data-element_type=\"widget\" data-widget_type=\"heading.default\">\n\t\t\t\t<div class=\"elementor-widget-container\">\n\t\t\t<h2 class=\"elementor-heading-title elementor-size-default\">relax, sauna and swim in the sea<\/h2>\t\t<\/div>\n\t\t\t\t<\/div>\n\t\t\t\t<div class=\"elementor-element elementor-element-62d98b9 elementor-widget elementor-widget-text-editor\" data-id=\"62d98b9\" data-element_type=\"widget\" data-widget_type=\"text-editor.default\">\n\t\t\t\t<div class=\"elementor-widget-container\">\n\t\t\t<style>\/*! elementor - v3.21.0 - 08-05-2024 *\/\n.elementor-widget-text-editor.elementor-drop-cap-view-stacked .elementor-drop-cap{background-color:#69727d;color:#fff}.elementor-widget-text-editor.elementor-drop-cap-view-framed .elementor-drop-cap{color:#69727d;border:3px solid;background-color:transparent}.elementor-widget-text-editor:not(.elementor-drop-cap-view-default) .elementor-drop-cap{margin-top:8px}.elementor-widget-text-editor:not(.elementor-drop-cap-view-default) .elementor-drop-cap-letter{width:1em;height:1em}.elementor-widget-text-editor .elementor-drop-cap{float:left;text-align:center;line-height:1;font-size:50px}.elementor-widget-text-editor .elementor-drop-cap-letter{display:inline-block}<\/style>\t\t\t\t<p>A 3 hour tour which fits in really well both in early spring and late autumn, plus all the months in between.\u00a0<\/p><p>We depart from L\u00e5ngedrag or Klippan and steer the boat out towards the southern part of the archipelago. We swing past Br\u00e4nn\u00f6, Styrs\u00f6 and Dons\u00f6 and some of the other nice islands before settling at the guest harbour\u2019s floating sauna at Vr\u00e5ng\u00f6. Here\u2019s where you can really kick back and relax for 2 hours with some sauna and swimming fun before we take you back to Gothenburg. We provide drinks and snacks of course. You can extend your stay to include lunch or dinner, and there\u2019s an adjoining conference room for meetings if you\u2019d like to combine that too.<\/p><p>Price: 11 900 SEK including drinks on board<\/p><p>Number of people: up to 12 passengers<\/p>\t\t\t\t\t\t<\/div>\n\t\t\t\t<\/div>\n\t\t\t\t\t<\/div>\n\t\t<\/div>\n\t\t\t\t\t<\/div>\n\t\t<\/section>\n\t\t\t\t<section class=\"elementor-section elementor-top-section elementor-element elementor-element-713f23c elementor-section-height-min-height animated-slow elementor-section-boxed elementor-section-height-default elementor-section-items-middle elementor-invisible\" data-id=\"713f23c\" data-element_type=\"section\" data-settings=\"{&quot;background_background&quot;:&quot;classic&quot;,&quot;animation&quot;:&quot;fadeIn&quot;,&quot;animation_delay&quot;:1000}\">\n\t\t\t\t\t\t<div class=\"elementor-container elementor-column-gap-default\">\n\t\t\t\t\t<div data-wts-url=\"\/kontakt\/\" data-wts-link=\"yes\" data-wts-new-window=\"\" class=\"elementor-column elementor-col-100 elementor-top-column elementor-element elementor-element-63b74b0 ae-link-yes\" data-id=\"63b74b0\" data-element_type=\"column\" data-settings=\"{&quot;background_background&quot;:&quot;classic&quot;}\">\n\t\t\t<div class=\"elementor-widget-wrap elementor-element-populated\">\n\t\t\t\t\t\t<div class=\"elementor-element elementor-element-3dc0a51 elementor-widget elementor-widget-heading\" data-id=\"3dc0a51\" data-element_type=\"widget\" data-widget_type=\"heading.default\">\n\t\t\t\t<div class=\"elementor-widget-container\">\n\t\t\t<h2 class=\"elementor-heading-title elementor-size-default\"><a href=\"https:\/\/57gradernord.se\/en\/kontakt\/\">Booking Request<\/a><\/h2>\t\t<\/div>\n\t\t\t\t<\/div>\n\t\t\t\t\t<\/div>\n\t\t<\/div>\n\t\t\t\t\t<\/div>\n\t\t<\/section>\n\t\t\t\t<section class=\"elementor-section elementor-top-section elementor-element elementor-element-3d93aa7 elementor-section-full_width elementor-section-height-default elementor-section-height-default\" data-id=\"3d93aa7\" data-element_type=\"section\">\n\t\t\t\t\t\t<div class=\"elementor-container elementor-column-gap-default\">\n\t\t\t\t\t<div class=\"elementor-column elementor-col-100 elementor-top-column elementor-element elementor-element-560585d\" data-id=\"560585d\" data-element_type=\"column\">\n\t\t\t<div class=\"elementor-widget-wrap elementor-element-populated\">\n\t\t\t\t\t\t<div class=\"elementor-element elementor-element-5cd5706 elementor-arrows-position-inside elementor-pagination-position-outside elementor-widget elementor-widget-image-carousel\" data-id=\"5cd5706\" data-element_type=\"widget\" data-settings=\"{&quot;slides_to_show&quot;:&quot;3&quot;,&quot;slides_to_show_tablet&quot;:&quot;3&quot;,&quot;slides_to_show_mobile&quot;:&quot;2&quot;,&quot;slides_to_scroll&quot;:&quot;1&quot;,&quot;pause_on_hover&quot;:&quot;no&quot;,&quot;autoplay_speed&quot;:3000,&quot;speed&quot;:1000,&quot;navigation&quot;:&quot;both&quot;,&quot;autoplay&quot;:&quot;yes&quot;,&quot;pause_on_interaction&quot;:&quot;yes&quot;,&quot;infinite&quot;:&quot;yes&quot;}\" data-widget_type=\"image-carousel.default\">\n\t\t\t\t<div class=\"elementor-widget-container\">\n\t\t\t<style>\/*! elementor - v3.21.0 - 08-05-2024 *\/\n.elementor-widget-image-carousel .swiper,.elementor-widget-image-carousel .swiper-container{position:static}.elementor-widget-image-carousel .swiper-container .swiper-slide figure,.elementor-widget-image-carousel .swiper .swiper-slide figure{line-height:inherit}.elementor-widget-image-carousel .swiper-slide{text-align:center}.elementor-image-carousel-wrapper:not(.swiper-container-initialized):not(.swiper-initialized) .swiper-slide{max-width:calc(100% \/ var(--e-image-carousel-slides-to-show, 3))}<\/style>\t\t<div class=\"elementor-image-carousel-wrapper swiper\" dir=\"ltr\">\n\t\t\t<div class=\"elementor-image-carousel swiper-wrapper swiper-image-stretch\" aria-live=\"off\">\n\t\t\t\t\t\t\t\t<div class=\"swiper-slide\" role=\"group\" aria-roledescription=\"slide\" aria-label=\"1 of 6\"><a data-elementor-open-lightbox=\"yes\" data-elementor-lightbox-slideshow=\"5cd5706\" data-elementor-lightbox-title=\"57nord-mob-header-img.jpg\" data-e-action-hash=\"#elementor-action%3Aaction%3Dlightbox%26settings%3DeyJpZCI6NDcsInVybCI6Imh0dHBzOlwvXC81N2dyYWRlcm5vcmQuc2VcL3dwLWNvbnRlbnRcL3VwbG9hZHNcLzIwMjFcLzExXC81N25vcmQtbW9iLWhlYWRlci1pbWcuanBnIiwic2xpZGVzaG93IjoiNWNkNTcwNiJ9\" href=\"https:\/\/57gradernord.se\/wp-content\/uploads\/2021\/11\/57nord-mob-header-img.jpg\"><figure class=\"swiper-slide-inner\"><img decoding=\"async\" class=\"swiper-slide-image\" src=\"https:\/\/57gradernord.se\/wp-content\/uploads\/elementor\/thumbs\/57nord-mob-header-img-pghjdngztmpawjhcnhn1nac7xkur02hbjrgdxrohgw.jpg\" alt=\"\" \/><\/figure><\/a><\/div><div class=\"swiper-slide\" role=\"group\" aria-roledescription=\"slide\" aria-label=\"2 of 6\"><a data-elementor-open-lightbox=\"yes\" data-elementor-lightbox-slideshow=\"5cd5706\" data-elementor-lightbox-title=\"kajkanten2016_bastuflotte_vrango.jpg\" data-e-action-hash=\"#elementor-action%3Aaction%3Dlightbox%26settings%3DeyJpZCI6NDgsInVybCI6Imh0dHBzOlwvXC81N2dyYWRlcm5vcmQuc2VcL3dwLWNvbnRlbnRcL3VwbG9hZHNcLzIwMjFcLzExXC9rYWprYW50ZW4yMDE2X2Jhc3R1ZmxvdHRlX3ZyYW5nby5qcGciLCJzbGlkZXNob3ciOiI1Y2Q1NzA2In0%3D\" href=\"https:\/\/57gradernord.se\/wp-content\/uploads\/2021\/11\/kajkanten2016_bastuflotte_vrango.jpg\"><figure class=\"swiper-slide-inner\"><img decoding=\"async\" class=\"swiper-slide-image\" src=\"https:\/\/57gradernord.se\/wp-content\/uploads\/elementor\/thumbs\/kajkanten2016_bastuflotte_vrango-pghjdpco7arvjremcigas9v54clhfgos80rcwblp4g.jpg\" alt=\"\" \/><\/figure><\/a><\/div><div class=\"swiper-slide\" role=\"group\" aria-roledescription=\"slide\" aria-label=\"3 of 6\"><a data-elementor-open-lightbox=\"yes\" data-elementor-lightbox-slideshow=\"5cd5706\" data-elementor-lightbox-title=\"charter6.jpg\" data-e-action-hash=\"#elementor-action%3Aaction%3Dlightbox%26settings%3DeyJpZCI6MTU0LCJ1cmwiOiJodHRwczpcL1wvNTdncmFkZXJub3JkLnNlXC93cC1jb250ZW50XC91cGxvYWRzXC8yMDIxXC8xMVwvY2hhcnRlcjYuanBnIiwic2xpZGVzaG93IjoiNWNkNTcwNiJ9\" href=\"https:\/\/57gradernord.se\/wp-content\/uploads\/2021\/11\/charter6.jpg\"><figure class=\"swiper-slide-inner\"><img decoding=\"async\" class=\"swiper-slide-image\" src=\"https:\/\/57gradernord.se\/wp-content\/uploads\/elementor\/thumbs\/charter6-pgln3he10ueusz1a95gn4cmzchxwlzwgokyyvqvn8w.jpg\" alt=\"\" \/><\/figure><\/a><\/div><div class=\"swiper-slide\" role=\"group\" aria-roledescription=\"slide\" aria-label=\"4 of 6\"><a data-elementor-open-lightbox=\"yes\" data-elementor-lightbox-slideshow=\"5cd5706\" data-elementor-lightbox-title=\"IMG_0261.jpg\" data-e-action-hash=\"#elementor-action%3Aaction%3Dlightbox%26settings%3DeyJpZCI6MzgsInVybCI6Imh0dHBzOlwvXC81N2dyYWRlcm5vcmQuc2VcL3dwLWNvbnRlbnRcL3VwbG9hZHNcLzIwMjFcLzExXC9JTUdfMDI2MS1zY2FsZWQuanBnIiwic2xpZGVzaG93IjoiNWNkNTcwNiJ9\" href=\"https:\/\/57gradernord.se\/wp-content\/uploads\/2021\/11\/IMG_0261-scaled.jpg\"><figure class=\"swiper-slide-inner\"><img decoding=\"async\" class=\"swiper-slide-image\" src=\"https:\/\/57gradernord.se\/wp-content\/uploads\/elementor\/thumbs\/IMG_0261-scaled-pghjcsgbk3iu9eqeom8cv060bv3my226fhxd3myh68.jpg\" alt=\"\" \/><\/figure><\/a><\/div><div class=\"swiper-slide\" role=\"group\" aria-roledescription=\"slide\" aria-label=\"5 of 6\"><a data-elementor-open-lightbox=\"yes\" data-elementor-lightbox-slideshow=\"5cd5706\" data-elementor-lightbox-title=\"IMG_4466.jpg\" data-e-action-hash=\"#elementor-action%3Aaction%3Dlightbox%26settings%3DeyJpZCI6MzcsInVybCI6Imh0dHBzOlwvXC81N2dyYWRlcm5vcmQuc2VcL3dwLWNvbnRlbnRcL3VwbG9hZHNcLzIwMjFcLzExXC9JTUdfNDQ2Ni5qcGciLCJzbGlkZXNob3ciOiI1Y2Q1NzA2In0%3D\" href=\"https:\/\/57gradernord.se\/wp-content\/uploads\/2021\/11\/IMG_4466.jpg\"><figure class=\"swiper-slide-inner\"><img decoding=\"async\" class=\"swiper-slide-image\" src=\"https:\/\/57gradernord.se\/wp-content\/uploads\/elementor\/thumbs\/IMG_4466-pghjcqkn6fg9m6t4zlf3q0n353cwinupr8me5319io.jpg\" alt=\"\" \/><\/figure><\/a><\/div><div class=\"swiper-slide\" role=\"group\" aria-roledescription=\"slide\" aria-label=\"6 of 6\"><a data-elementor-open-lightbox=\"yes\" data-elementor-lightbox-slideshow=\"5cd5706\" data-elementor-lightbox-title=\"jubileum4.jpeg\" data-e-action-hash=\"#elementor-action%3Aaction%3Dlightbox%26settings%3DeyJpZCI6OTA5LCJ1cmwiOiJodHRwczpcL1wvNTdncmFkZXJub3JkLnNlXC93cC1jb250ZW50XC91cGxvYWRzXC8yMDIxXC8xMlwvanViaWxldW00LmpwZWciLCJzbGlkZXNob3ciOiI1Y2Q1NzA2In0%3D\" href=\"https:\/\/57gradernord.se\/wp-content\/uploads\/2021\/12\/jubileum4.jpeg\"><figure class=\"swiper-slide-inner\"><img decoding=\"async\" class=\"swiper-slide-image\" src=\"https:\/\/57gradernord.se\/wp-content\/uploads\/elementor\/thumbs\/jubileum4-ph60pytlxmdhfic0kq8l199jfe0yiuoyscc8l5sgvk.jpeg\" alt=\"\" \/><\/figure><\/a><\/div>\t\t\t<\/div>\n\t\t\t\t\t\t\t\t\t\t\t\t<div class=\"elementor-swiper-button elementor-swiper-button-prev\" role=\"button\" tabindex=\"0\">\n\t\t\t\t\t\t<i aria-hidden=\"true\" class=\"eicon-chevron-left\"><\/i>\t\t\t\t\t<\/div>\n\t\t\t\t\t<div class=\"elementor-swiper-button elementor-swiper-button-next\" role=\"button\" tabindex=\"0\">\n\t\t\t\t\t\t<i aria-hidden=\"true\" class=\"eicon-chevron-right\"><\/i>\t\t\t\t\t<\/div>\n\t\t\t\t\n\t\t\t\t\t\t\t\t\t<div class=\"swiper-pagination\"><\/div>\n\t\t\t\t\t\t\t\t\t<\/div>\n\t\t\t\t<\/div>\n\t\t\t\t<\/div>\n\t\t\t\t\t<\/div>\n\t\t<\/div>\n\t\t\t\t\t<\/div>\n\t\t<\/section>\n\t\t\t\t<\/div>","protected":false},"excerpt":{"rendered":"<p>BASTUBAD P\u00c5 VR\u00c5NG\u00d6 p\u00e5 bastuflotten i g\u00e4sthamnen p\u00e5 Vr\u00e5ng\u00f6 relax, bastu och bad i havet En 3 timmars tur som passar bra s\u00e5 v\u00e4l tidig v\u00e5r som sen h\u00f6st och s\u00e5 klart \u00e4ven hela perioden d\u00e4r emellan. Vi l\u00e4mnar L\u00e5ngedrag eller Klippan och styr ut mot den S\u00f6dra sk\u00e4rg\u00e5rden. Vi tar en extra sv\u00e4ng runt [&hellip;]<\/p>","protected":false},"author":1,"featured_media":0,"parent":0,"menu_order":0,"comment_status":"closed","ping_status":"closed","template":"elementor_canvas","meta":{"footnotes":""},"class_list":["post-1101","page","type-page","status-publish","hentry"],"yoast_head":"<!-- This site is optimized with the Yoast SEO plugin v22.7 - https:\/\/yoast.com\/wordpress\/plugins\/seo\/ -->\n<title>Havsnjutning: Bastubad p\u00e5 Vr\u00e5ng\u00f6 med 57 Grader Nord<\/title>\n<meta name=\"description\" content=\"Rena kropp och sj\u00e4l med bastubad p\u00e5 Vr\u00e5ng\u00f6. Upplev den rogivande kraften av bastun och njut av en avkopplande dag p\u00e5 \u00f6n. Boka nu!\" \/>\n<meta name=\"robots\" content=\"index, follow, max-snippet:-1, max-image-preview:large, max-video-preview:-1\" \/>\n<link rel=\"canonical\" href=\"https:\/\/57gradernord.se\/en\/bastubad-pa-vrango\/\" \/>\n<meta property=\"og:locale\" content=\"en_GB\" \/>\n<meta property=\"og:type\" content=\"article\" \/>\n<meta property=\"og:title\" content=\"Havsnjutning: Bastubad p\u00e5 Vr\u00e5ng\u00f6 med 57 Grader Nord\" \/>\n<meta property=\"og:description\" content=\"Rena kropp och sj\u00e4l med bastubad p\u00e5 Vr\u00e5ng\u00f6. Upplev den rogivande kraften av bastun och njut av en avkopplande dag p\u00e5 \u00f6n. Boka nu!\" \/>\n<meta property=\"og:url\" content=\"https:\/\/57gradernord.se\/en\/bastubad-pa-vrango\/\" \/>\n<meta property=\"og:site_name\" content=\"57grader nord\" \/>\n<meta property=\"article:publisher\" content=\"https:\/\/www.facebook.com\/57gradernord\" \/>\n<meta property=\"article:modified_time\" content=\"2023-08-11T12:31:54+00:00\" \/>\n<meta property=\"og:image\" content=\"https:\/\/57gradernord.se\/wp-content\/uploads\/elementor\/thumbs\/57nord-mob-header-img-pghjdngztmpawjhcnhn1nac7xkur02hbjrgdxrohgw.jpg\" \/>\n<meta name=\"twitter:card\" content=\"summary_large_image\" \/>\n<meta name=\"twitter:label1\" content=\"Estimated reading time\" \/>\n\t<meta name=\"twitter:data1\" content=\"2 minutes\" \/>\n<script type=\"application\/ld+json\" class=\"yoast-schema-graph\">{\"@context\":\"https:\/\/schema.org\",\"@graph\":[{\"@type\":\"WebPage\",\"@id\":\"https:\/\/57gradernord.se\/bastubad-pa-vrango\/\",\"url\":\"https:\/\/57gradernord.se\/bastubad-pa-vrango\/\",\"name\":\"Havsnjutning: Bastubad p\u00e5 Vr\u00e5ng\u00f6 med 57 Grader Nord\",\"isPartOf\":{\"@id\":\"https:\/\/57gradernord.se\/#website\"},\"primaryImageOfPage\":{\"@id\":\"https:\/\/57gradernord.se\/bastubad-pa-vrango\/#primaryimage\"},\"image\":{\"@id\":\"https:\/\/57gradernord.se\/bastubad-pa-vrango\/#primaryimage\"},\"thumbnailUrl\":\"https:\/\/57gradernord.se\/wp-content\/uploads\/elementor\/thumbs\/57nord-mob-header-img-pghjdngztmpawjhcnhn1nac7xkur02hbjrgdxrohgw.jpg\",\"datePublished\":\"2021-12-07T18:52:08+00:00\",\"dateModified\":\"2023-08-11T12:31:54+00:00\",\"description\":\"Rena kropp och sj\u00e4l med bastubad p\u00e5 Vr\u00e5ng\u00f6. Upplev den rogivande kraften av bastun och njut av en avkopplande dag p\u00e5 \u00f6n. Boka nu!\",\"breadcrumb\":{\"@id\":\"https:\/\/57gradernord.se\/bastubad-pa-vrango\/#breadcrumb\"},\"inLanguage\":\"en-GB\",\"potentialAction\":[{\"@type\":\"ReadAction\",\"target\":[\"https:\/\/57gradernord.se\/bastubad-pa-vrango\/\"]}]},{\"@type\":\"ImageObject\",\"inLanguage\":\"en-GB\",\"@id\":\"https:\/\/57gradernord.se\/bastubad-pa-vrango\/#primaryimage\",\"url\":\"https:\/\/57gradernord.se\/wp-content\/uploads\/elementor\/thumbs\/57nord-mob-header-img-pghjdngztmpawjhcnhn1nac7xkur02hbjrgdxrohgw.jpg\",\"contentUrl\":\"https:\/\/57gradernord.se\/wp-content\/uploads\/elementor\/thumbs\/57nord-mob-header-img-pghjdngztmpawjhcnhn1nac7xkur02hbjrgdxrohgw.jpg\"},{\"@type\":\"BreadcrumbList\",\"@id\":\"https:\/\/57gradernord.se\/bastubad-pa-vrango\/#breadcrumb\",\"itemListElement\":[{\"@type\":\"ListItem\",\"position\":1,\"name\":\"Home\",\"item\":\"https:\/\/57gradernord.se\/\"},{\"@type\":\"ListItem\",\"position\":2,\"name\":\"Bastubad p\u00e5 Vr\u00e5ng\u00f6\"}]},{\"@type\":\"WebSite\",\"@id\":\"https:\/\/57gradernord.se\/#website\",\"url\":\"https:\/\/57gradernord.se\/\",\"name\":\"57grader nord\",\"description\":\"EXKLUSIVA UPPLEVELSER I G\u00d6TEBORGS SK\u00c4RG\u00c5RD\",\"publisher\":{\"@id\":\"https:\/\/57gradernord.se\/#organization\"},\"potentialAction\":[{\"@type\":\"SearchAction\",\"target\":{\"@type\":\"EntryPoint\",\"urlTemplate\":\"https:\/\/57gradernord.se\/?s={search_term_string}\"},\"query-input\":\"required name=search_term_string\"}],\"inLanguage\":\"en-GB\"},{\"@type\":\"Organization\",\"@id\":\"https:\/\/57gradernord.se\/#organization\",\"name\":\"57 Nord AB\",\"url\":\"https:\/\/57gradernord.se\/\",\"logo\":{\"@type\":\"ImageObject\",\"inLanguage\":\"en-GB\",\"@id\":\"https:\/\/57gradernord.se\/#\/schema\/logo\/image\/\",\"url\":\"https:\/\/57gradernord.se\/wp-content\/uploads\/2021\/12\/cropped-fav1.png\",\"contentUrl\":\"https:\/\/57gradernord.se\/wp-content\/uploads\/2021\/12\/cropped-fav1.png\",\"width\":512,\"height\":512,\"caption\":\"57 Nord AB\"},\"image\":{\"@id\":\"https:\/\/57gradernord.se\/#\/schema\/logo\/image\/\"},\"sameAs\":[\"https:\/\/www.facebook.com\/57gradernord\"]}]}<\/script>\n<!-- \/ Yoast SEO plugin. -->","yoast_head_json":{"title":"Havsnjutning: Bastubad p\u00e5 Vr\u00e5ng\u00f6 med 57 Grader Nord","description":"Rena kropp och sj\u00e4l med bastubad p\u00e5 Vr\u00e5ng\u00f6. Upplev den rogivande kraften av bastun och njut av en avkopplande dag p\u00e5 \u00f6n. Boka nu!","robots":{"index":"index","follow":"follow","max-snippet":"max-snippet:-1","max-image-preview":"max-image-preview:large","max-video-preview":"max-video-preview:-1"},"canonical":"https:\/\/57gradernord.se\/en\/bastubad-pa-vrango\/","og_locale":"en_GB","og_type":"article","og_title":"Havsnjutning: Bastubad p\u00e5 Vr\u00e5ng\u00f6 med 57 Grader Nord","og_description":"Rena kropp och sj\u00e4l med bastubad p\u00e5 Vr\u00e5ng\u00f6. Upplev den rogivande kraften av bastun och njut av en avkopplande dag p\u00e5 \u00f6n. Boka nu!","og_url":"https:\/\/57gradernord.se\/en\/bastubad-pa-vrango\/","og_site_name":"57grader nord","article_publisher":"https:\/\/www.facebook.com\/57gradernord","article_modified_time":"2023-08-11T12:31:54+00:00","og_image":[{"url":"https:\/\/57gradernord.se\/wp-content\/uploads\/elementor\/thumbs\/57nord-mob-header-img-pghjdngztmpawjhcnhn1nac7xkur02hbjrgdxrohgw.jpg"}],"twitter_card":"summary_large_image","twitter_misc":{"Estimated reading time":"2 minutes"},"schema":{"@context":"https:\/\/schema.org","@graph":[{"@type":"WebPage","@id":"https:\/\/57gradernord.se\/bastubad-pa-vrango\/","url":"https:\/\/57gradernord.se\/bastubad-pa-vrango\/","name":"Havsnjutning: Bastubad p\u00e5 Vr\u00e5ng\u00f6 med 57 Grader Nord","isPartOf":{"@id":"https:\/\/57gradernord.se\/#website"},"primaryImageOfPage":{"@id":"https:\/\/57gradernord.se\/bastubad-pa-vrango\/#primaryimage"},"image":{"@id":"https:\/\/57gradernord.se\/bastubad-pa-vrango\/#primaryimage"},"thumbnailUrl":"https:\/\/57gradernord.se\/wp-content\/uploads\/elementor\/thumbs\/57nord-mob-header-img-pghjdngztmpawjhcnhn1nac7xkur02hbjrgdxrohgw.jpg","datePublished":"2021-12-07T18:52:08+00:00","dateModified":"2023-08-11T12:31:54+00:00","description":"Rena kropp och sj\u00e4l med bastubad p\u00e5 Vr\u00e5ng\u00f6. Upplev den rogivande kraften av bastun och njut av en avkopplande dag p\u00e5 \u00f6n. Boka nu!","breadcrumb":{"@id":"https:\/\/57gradernord.se\/bastubad-pa-vrango\/#breadcrumb"},"inLanguage":"en-GB","potentialAction":[{"@type":"ReadAction","target":["https:\/\/57gradernord.se\/bastubad-pa-vrango\/"]}]},{"@type":"ImageObject","inLanguage":"en-GB","@id":"https:\/\/57gradernord.se\/bastubad-pa-vrango\/#primaryimage","url":"https:\/\/57gradernord.se\/wp-content\/uploads\/elementor\/thumbs\/57nord-mob-header-img-pghjdngztmpawjhcnhn1nac7xkur02hbjrgdxrohgw.jpg","contentUrl":"https:\/\/57gradernord.se\/wp-content\/uploads\/elementor\/thumbs\/57nord-mob-header-img-pghjdngztmpawjhcnhn1nac7xkur02hbjrgdxrohgw.jpg"},{"@type":"BreadcrumbList","@id":"https:\/\/57gradernord.se\/bastubad-pa-vrango\/#breadcrumb","itemListElement":[{"@type":"ListItem","position":1,"name":"Home","item":"https:\/\/57gradernord.se\/"},{"@type":"ListItem","position":2,"name":"Bastubad p\u00e5 Vr\u00e5ng\u00f6"}]},{"@type":"WebSite","@id":"https:\/\/57gradernord.se\/#website","url":"https:\/\/57gradernord.se\/","name":"57grader nord","description":"EXKLUSIVA UPPLEVELSER I G\u00d6TEBORGS SK\u00c4RG\u00c5RD","publisher":{"@id":"https:\/\/57gradernord.se\/#organization"},"potentialAction":[{"@type":"SearchAction","target":{"@type":"EntryPoint","urlTemplate":"https:\/\/57gradernord.se\/?s={search_term_string}"},"query-input":"required name=search_term_string"}],"inLanguage":"en-GB"},{"@type":"Organization","@id":"https:\/\/57gradernord.se\/#organization","name":"57 Nord AB","url":"https:\/\/57gradernord.se\/","logo":{"@type":"ImageObject","inLanguage":"en-GB","@id":"https:\/\/57gradernord.se\/#\/schema\/logo\/image\/","url":"https:\/\/57gradernord.se\/wp-content\/uploads\/2021\/12\/cropped-fav1.png","contentUrl":"https:\/\/57gradernord.se\/wp-content\/uploads\/2021\/12\/cropped-fav1.png","width":512,"height":512,"caption":"57 Nord AB"},"image":{"@id":"https:\/\/57gradernord.se\/#\/schema\/logo\/image\/"},"sameAs":["https:\/\/www.facebook.com\/57gradernord"]}]}},"_links":{"self":[{"href":"https:\/\/57gradernord.se\/en\/wp-json\/wp\/v2\/pages\/1101","targetHints":{"allow":["GET"]}}],"collection":[{"href":"https:\/\/57gradernord.se\/en\/wp-json\/wp\/v2\/pages"}],"about":[{"href":"https:\/\/57gradernord.se\/en\/wp-json\/wp\/v2\/types\/page"}],"author":[{"embeddable":true,"href":"https:\/\/57gradernord.se\/en\/wp-json\/wp\/v2\/users\/1"}],"replies":[{"embeddable":true,"href":"https:\/\/57gradernord.se\/en\/wp-json\/wp\/v2\/comments?post=1101"}],"version-history":[{"count":29,"href":"https:\/\/57gradernord.se\/en\/wp-json\/wp\/v2\/pages\/1101\/revisions"}],"predecessor-version":[{"id":2081,"href":"https:\/\/57gradernord.se\/en\/wp-json\/wp\/v2\/pages\/1101\/revisions\/2081"}],"wp:attachment":[{"href":"https:\/\/57gradernord.se\/en\/wp-json\/wp\/v2\/media?parent=1101"}],"curies":[{"name":"wp","href":"https:\/\/api.w.org\/{rel}","templated":true}]}}